{"id":1152,"date":"2018-05-18T12:28:39","date_gmt":"2018-05-18T10:28:39","guid":{"rendered":"https:\/\/hse-armaturen.de\/unternehmen\/"},"modified":"2021-01-20T16:01:58","modified_gmt":"2021-01-20T15:01:58","slug":"unternehmen","status":"publish","type":"page","link":"https:\/\/hse-armaturen.de\/fr\/unternehmen\/","title":{"rendered":"L&#8217;entreprise"},"content":{"rendered":"<div id='full_slider_1'  class='avia-fullwidth-slider main_color avia-shadow   avia-builder-el-0  el_before_av_section  avia-builder-el-first   container_wrap fullsize'  ><div  class='avia-slideshow av-b5m22e-269104da53fc503a2d1fdbc92b086b24 avia-slideshow-no scaling av_slideshow_full avia-fade-slider av-slideshow-ui av-control-hidden av-no-slider-navigation av-hide-nav-arrows av-slideshow-autoplay av-loop-endless av-loop-manual-endless av-default-height-applied   avia-slideshow-1' data-slideshow-options=\"{&quot;animation&quot;:&quot;fade&quot;,&quot;autoplay&quot;:true,&quot;loop_autoplay&quot;:&quot;endless&quot;,&quot;interval&quot;:5,&quot;loop_manual&quot;:&quot;manual-endless&quot;,&quot;autoplay_stopper&quot;:false,&quot;noNavigation&quot;:true,&quot;bg_slider&quot;:false,&quot;keep_padding&quot;:false,&quot;hoverpause&quot;:false,&quot;show_slide_delay&quot;:0}\"  itemprop=\"image\" itemscope=\"itemscope\" itemtype=\"https:\/\/schema.org\/ImageObject\" ><ul class='avia-slideshow-inner ' style='padding-bottom: 33.333333333333%;'><li  class='avia-slideshow-slide av-b5m22e-269104da53fc503a2d1fdbc92b086b24__0  av-single-slide slide-1 slide-odd'><div data-rel='slideshow-1' class='avia-slide-wrap '   ><img decoding=\"async\" fetchpriority=\"high\" class=\"wp-image-1140 avia-img-lazy-loading-not-1140\"  src=\"https:\/\/hse-armaturen.de\/wp-content\/uploads\/unternehmen-1.jpg\" width=\"1920\" height=\"640\" title='L&#039;entreprise' alt=''  itemprop=\"thumbnailUrl\" srcset=\"https:\/\/hse-armaturen.de\/wp-content\/uploads\/unternehmen-1.jpg 1920w, https:\/\/hse-armaturen.de\/wp-content\/uploads\/unternehmen-1-768x256.jpg 768w, https:\/\/hse-armaturen.de\/wp-content\/uploads\/unternehmen-1-1500x500.jpg 1500w, https:\/\/hse-armaturen.de\/wp-content\/uploads\/unternehmen-1-705x235.jpg 705w, https:\/\/hse-armaturen.de\/wp-content\/uploads\/unternehmen-1-450x150.jpg 450w\" sizes=\"(max-width: 1920px) 100vw, 1920px\" \/><\/div><\/li><\/ul><\/div><\/div>\n\n<style type=\"text\/css\" data-created_by=\"avia_inline_auto\" id=\"style-css-av-jt792-d0a85a703d38e03dfc8ec0a4778c5d8d\">\n.avia-section.av-jt792-d0a85a703d38e03dfc8ec0a4778c5d8d{\nbackground-color:#0b7557;\nbackground-image:unset;\n}\n<\/style>\n<div id='av_section_1'  class='avia-section av-jt792-d0a85a703d38e03dfc8ec0a4778c5d8d main_color avia-section-large avia-no-border-styling  avia-builder-el-1  el_after_av_slideshow_full  el_before_av_section  avia-bg-style-scroll container_wrap fullsize'  ><div class='container av-section-cont-open' ><div class='template-page content  av-content-full alpha units'><div class='post-entry post-entry-type-page post-entry-1152'><div class='entry-content-wrapper clearfix'>\n\n<style type=\"text\/css\" data-created_by=\"avia_inline_auto\" id=\"style-css-av-62gm-024b5cd686f4855ef5d04cd654d9ea7e\">\n.flex_column.av-62gm-024b5cd686f4855ef5d04cd654d9ea7e{\nborder-radius:0px 0px 0px 0px;\npadding:0px 0px 0px 0px;\n}\n<\/style>\n<div  class='flex_column av-62gm-024b5cd686f4855ef5d04cd654d9ea7e av_one_full  avia-builder-el-2  avia-builder-el-no-sibling  first flex_column_div av-zero-column-padding  '     ><style type=\"text\/css\" data-created_by=\"avia_inline_auto\" id=\"style-css-av-jhbujnim-9ac16c932dc042d7db90f6e396262224\">\n#top .av-special-heading.av-jhbujnim-9ac16c932dc042d7db90f6e396262224{\npadding-bottom:0;\ncolor:#ffffff;\nfont-size:36px;\n}\nbody .av-special-heading.av-jhbujnim-9ac16c932dc042d7db90f6e396262224 .av-special-heading-tag .heading-char{\nfont-size:25px;\n}\n#top #wrap_all .av-special-heading.av-jhbujnim-9ac16c932dc042d7db90f6e396262224 .av-special-heading-tag{\nfont-size:36px;\n}\n.av-special-heading.av-jhbujnim-9ac16c932dc042d7db90f6e396262224 .special-heading-inner-border{\nborder-color:#ffffff;\n}\n.av-special-heading.av-jhbujnim-9ac16c932dc042d7db90f6e396262224 .av-subheading{\nfont-size:15px;\n}\n\n@media only screen and (min-width: 480px) and (max-width: 767px){ \n#top #wrap_all .av-special-heading.av-jhbujnim-9ac16c932dc042d7db90f6e396262224 .av-special-heading-tag{\nfont-size:0.8em;\n}\n}\n\n@media only screen and (max-width: 479px){ \n#top #wrap_all .av-special-heading.av-jhbujnim-9ac16c932dc042d7db90f6e396262224 .av-special-heading-tag{\nfont-size:0.8em;\n}\n}\n<\/style>\n<div  class='av-special-heading av-jhbujnim-9ac16c932dc042d7db90f6e396262224 av-special-heading-h1 custom-color-heading blockquote modern-quote  avia-builder-el-3  avia-builder-el-no-sibling  av-inherit-size'><h1 class='av-special-heading-tag '  itemprop=\"headline\"  >L\u2019entreprise<\/h1><div class=\"special-heading-border\"><div class=\"special-heading-inner-border\"><\/div><\/div><\/div><\/div>\n\n<\/div><\/div><\/div><!-- close content main div --><\/div><\/div>\n<style type=\"text\/css\" data-created_by=\"avia_inline_auto\" id=\"style-css-av-awtvcm-7f6ab122c121e36697f09912ef513fdf\">\n.avia-section.av-awtvcm-7f6ab122c121e36697f09912ef513fdf{\nbackground-color:#ffffff;\nbackground-image:unset;\n}\n<\/style>\n<div id='av_section_2'  class='avia-section av-awtvcm-7f6ab122c121e36697f09912ef513fdf main_color avia-section-large avia-no-border-styling  avia-builder-el-4  el_after_av_section  avia-builder-el-last  avia-bg-style-scroll container_wrap fullsize'  ><div class='container av-section-cont-open' ><div class='template-page content  av-content-full alpha units'><div class='post-entry post-entry-type-page post-entry-1152'><div class='entry-content-wrapper clearfix'>\n\n<style type=\"text\/css\" data-created_by=\"avia_inline_auto\" id=\"style-css-av-e9ts6-df77c7860e3d79cdf19b03c2c2b2766a\">\n.flex_column.av-e9ts6-df77c7860e3d79cdf19b03c2c2b2766a{\nborder-radius:0px 0px 0px 0px;\npadding:0px 0px 0px 0px;\n}\n<\/style>\n<div  class='flex_column av-e9ts6-df77c7860e3d79cdf19b03c2c2b2766a av_two_third  avia-builder-el-5  el_before_av_one_third  avia-builder-el-first  first flex_column_div av-zero-column-padding  '     ><section  class='av_textblock_section av-jhbt4q5i-2e0c2e797d1ee34a92cfa98f8eba4334 '   itemscope=\"itemscope\" itemtype=\"https:\/\/schema.org\/CreativeWork\" ><div class='avia_textblock'  itemprop=\"text\" ><p>Nous sommes l&#8217;un des principaux fournisseurs de raccords en laiton pour l&#8217;installation de syst\u00e8mes d&#8217;eau domestique, de chauffage, de gaz et de syst\u00e8mes industriels.<\/p>\n<h2>Sp\u00e9cialiste des vannes en laiton<\/h2>\n<p>Depuis plus de 30 ans, nous fournissons des vannes \u00e0 bille en laiton, des vannes de sortie et des vannes de raccordement d&#8217;appareils produites conform\u00e9ment aux derni\u00e8res normes applicables.<\/p>\n<h2>Notre revendication<\/h2>\n<p>La qualit\u00e9 des produits est notre premi\u00e8re priorit\u00e9. La production de nos robinets \u00e0 bille est certifi\u00e9e ISO 9001.<\/p>\n<p>Seuls des mat\u00e9riaux conformes aux normes applicables sont utilis\u00e9s pour tous les robinets \u00e0 boisseau sph\u00e9rique.<\/p>\n<p>Des certificats d&#8217;essai pour chaque production confirment le mat\u00e9riau utilis\u00e9 et le degr\u00e9 de duret\u00e9.<\/p>\n<h2>Nos produits<\/h2>\n<p>Nous proposons des robinets \u00e0 boisseau sph\u00e9rique certifi\u00e9s DVGW pour les installations d&#8217;eau potable, avec diff\u00e9rents types de poign\u00e9es et de filetages de raccordement, des robinets \u00e0 boisseau sph\u00e9rique de chauffage et industriels dans des dimensions allant de 1\/4\u2033 \u00e0 4\u2033 dans des pressions nominales allant de PN 20 \u00e0 PN 50 dans de nombreuses variantes de raccordement et de poign\u00e9es.<\/p>\n<p>La gamme est compl\u00e9t\u00e9e par des raccords certifi\u00e9s DVGW pour le secteur sanitaire et le raccordement d&#8217;appareils m\u00e9nagers contenant de l&#8217;eau tels que les machines \u00e0 laver et les lave-vaisselle. Ces derni\u00e8res ann\u00e9es, nous avons \u00e9largi cette gamme pour y inclure des accessoires de chuchotage &#8211; Silence Edition.<\/p>\n<h2>Nos march\u00e9s<\/h2>\n<p>Les vannes HSE\u00ae sont fournies exclusivement par des grossistes sp\u00e9cialis\u00e9s en Europe.<\/p>\n<p>C&#8217;est la seule fa\u00e7on de garantir un conseil professionnel et de qualit\u00e9 sur place ainsi que des livraisons fiables et rapides.<\/p>\n<\/div><\/section><\/div>\n<style type=\"text\/css\" data-created_by=\"avia_inline_auto\" id=\"style-css-av-91k06-810a07d2325970bfc50b27d784910815\">\n.flex_column.av-91k06-810a07d2325970bfc50b27d784910815{\nborder-radius:0px 0px 0px 0px;\npadding:0px 0px 0px 0px;\n}\n<\/style>\n<div  class='flex_column av-91k06-810a07d2325970bfc50b27d784910815 av_one_third  avia-builder-el-7  el_after_av_two_third  avia-builder-el-last  flex_column_div av-zero-column-padding  '     ><\/div>\n\n","protected":false},"excerpt":{"rendered":"","protected":false},"author":2,"featured_media":0,"parent":0,"menu_order":0,"comment_status":"closed","ping_status":"closed","template":"","meta":{"footnotes":""},"class_list":["post-1152","page","type-page","status-publish","hentry"],"_links":{"self":[{"href":"https:\/\/hse-armaturen.de\/fr\/wp-json\/wp\/v2\/pages\/1152","targetHints":{"allow":["GET"]}}],"collection":[{"href":"https:\/\/hse-armaturen.de\/fr\/wp-json\/wp\/v2\/pages"}],"about":[{"href":"https:\/\/hse-armaturen.de\/fr\/wp-json\/wp\/v2\/types\/page"}],"author":[{"embeddable":true,"href":"https:\/\/hse-armaturen.de\/fr\/wp-json\/wp\/v2\/users\/2"}],"replies":[{"embeddable":true,"href":"https:\/\/hse-armaturen.de\/fr\/wp-json\/wp\/v2\/comments?post=1152"}],"version-history":[{"count":0,"href":"https:\/\/hse-armaturen.de\/fr\/wp-json\/wp\/v2\/pages\/1152\/revisions"}],"wp:attachment":[{"href":"https:\/\/hse-armaturen.de\/fr\/wp-json\/wp\/v2\/media?parent=1152"}],"curies":[{"name":"wp","href":"https:\/\/api.w.org\/{rel}","templated":true}]}}