{"id":1168,"date":"2018-05-18T12:30:04","date_gmt":"2018-05-18T10:30:04","guid":{"rendered":"https:\/\/hse-armaturen.de\/produkte\/"},"modified":"2021-01-26T12:25:10","modified_gmt":"2021-01-26T11:25:10","slug":"produkte","status":"publish","type":"page","link":"https:\/\/hse-armaturen.de\/fr\/produkte\/","title":{"rendered":"Produits"},"content":{"rendered":"<div id='full_slider_1'  class='avia-fullwidth-slider main_color avia-shadow   avia-builder-el-0  el_before_av_section  avia-builder-el-first   container_wrap fullsize'  ><div  class='avia-slideshow av-b5m22e-269104da53fc503a2d1fdbc92b086b24 avia-slideshow-no scaling av_slideshow_full avia-fade-slider av-slideshow-ui av-control-hidden av-no-slider-navigation av-hide-nav-arrows av-slideshow-autoplay av-loop-endless av-loop-manual-endless av-default-height-applied   avia-slideshow-1' data-slideshow-options=\"{&quot;animation&quot;:&quot;fade&quot;,&quot;autoplay&quot;:true,&quot;loop_autoplay&quot;:&quot;endless&quot;,&quot;interval&quot;:5,&quot;loop_manual&quot;:&quot;manual-endless&quot;,&quot;autoplay_stopper&quot;:false,&quot;noNavigation&quot;:true,&quot;bg_slider&quot;:false,&quot;keep_padding&quot;:false,&quot;hoverpause&quot;:false,&quot;show_slide_delay&quot;:0}\"  itemprop=\"image\" itemscope=\"itemscope\" itemtype=\"https:\/\/schema.org\/ImageObject\" ><ul class='avia-slideshow-inner ' style='padding-bottom: 33.333333333333%;'><li  class='avia-slideshow-slide av-b5m22e-269104da53fc503a2d1fdbc92b086b24__0  av-single-slide slide-1 slide-odd'><div data-rel='slideshow-1' class='avia-slide-wrap '   ><img decoding=\"async\" fetchpriority=\"high\" class=\"wp-image-1174 avia-img-lazy-loading-not-1174\"  src=\"https:\/\/hse-armaturen.de\/wp-content\/uploads\/produkte.jpg\" width=\"1920\" height=\"640\" title='produits' alt=''  itemprop=\"thumbnailUrl\" srcset=\"https:\/\/hse-armaturen.de\/wp-content\/uploads\/produkte.jpg 1920w, https:\/\/hse-armaturen.de\/wp-content\/uploads\/produkte-768x256.jpg 768w, https:\/\/hse-armaturen.de\/wp-content\/uploads\/produkte-1500x500.jpg 1500w, https:\/\/hse-armaturen.de\/wp-content\/uploads\/produkte-705x235.jpg 705w, https:\/\/hse-armaturen.de\/wp-content\/uploads\/produkte-450x150.jpg 450w\" sizes=\"(max-width: 1920px) 100vw, 1920px\" \/><\/div><\/li><\/ul><\/div><\/div>\n\n<style type=\"text\/css\" data-created_by=\"avia_inline_auto\" id=\"style-css-av-jt792-d0a85a703d38e03dfc8ec0a4778c5d8d\">\n.avia-section.av-jt792-d0a85a703d38e03dfc8ec0a4778c5d8d{\nbackground-color:#0b7557;\nbackground-image:unset;\n}\n<\/style>\n<div id='av_section_1'  class='avia-section av-jt792-d0a85a703d38e03dfc8ec0a4778c5d8d main_color avia-section-large avia-no-border-styling  avia-builder-el-1  el_after_av_slideshow_full  el_before_av_section  avia-bg-style-scroll container_wrap fullsize'  ><div class='container av-section-cont-open' ><div class='template-page content  av-content-full alpha units'><div class='post-entry post-entry-type-page post-entry-1168'><div class='entry-content-wrapper clearfix'>\n\n<style type=\"text\/css\" data-created_by=\"avia_inline_auto\" id=\"style-css-av-62gm-024b5cd686f4855ef5d04cd654d9ea7e\">\n.flex_column.av-62gm-024b5cd686f4855ef5d04cd654d9ea7e{\nborder-radius:0px 0px 0px 0px;\npadding:0px 0px 0px 0px;\n}\n<\/style>\n<div  class='flex_column av-62gm-024b5cd686f4855ef5d04cd654d9ea7e av_one_full  avia-builder-el-2  avia-builder-el-no-sibling  first flex_column_div av-zero-column-padding  '     ><style type=\"text\/css\" data-created_by=\"avia_inline_auto\" id=\"style-css-av-jhbw5ld6-ce6eec2db723a286c7d18e8eadd5fdc3\">\n#top .av-special-heading.av-jhbw5ld6-ce6eec2db723a286c7d18e8eadd5fdc3{\npadding-bottom:0;\ncolor:#ffffff;\nfont-size:36px;\n}\nbody .av-special-heading.av-jhbw5ld6-ce6eec2db723a286c7d18e8eadd5fdc3 .av-special-heading-tag .heading-char{\nfont-size:25px;\n}\n#top #wrap_all .av-special-heading.av-jhbw5ld6-ce6eec2db723a286c7d18e8eadd5fdc3 .av-special-heading-tag{\nfont-size:36px;\n}\n.av-special-heading.av-jhbw5ld6-ce6eec2db723a286c7d18e8eadd5fdc3 .special-heading-inner-border{\nborder-color:#ffffff;\n}\n.av-special-heading.av-jhbw5ld6-ce6eec2db723a286c7d18e8eadd5fdc3 .av-subheading{\nfont-size:15px;\n}\n\n@media only screen and (min-width: 480px) and (max-width: 767px){ \n#top #wrap_all .av-special-heading.av-jhbw5ld6-ce6eec2db723a286c7d18e8eadd5fdc3 .av-special-heading-tag{\nfont-size:0.8em;\n}\n}\n\n@media only screen and (max-width: 479px){ \n#top #wrap_all .av-special-heading.av-jhbw5ld6-ce6eec2db723a286c7d18e8eadd5fdc3 .av-special-heading-tag{\nfont-size:0.8em;\n}\n}\n<\/style>\n<div  class='av-special-heading av-jhbw5ld6-ce6eec2db723a286c7d18e8eadd5fdc3 av-special-heading-h1 custom-color-heading blockquote modern-quote  avia-builder-el-3  avia-builder-el-no-sibling  av-inherit-size'><h1 class='av-special-heading-tag '  itemprop=\"headline\"  >Nos produits<\/h1><div class=\"special-heading-border\"><div class=\"special-heading-inner-border\"><\/div><\/div><\/div><\/div>\n\n<\/div><\/div><\/div><!-- close content main div --><\/div><\/div>\n<style type=\"text\/css\" data-created_by=\"avia_inline_auto\" id=\"style-css-av-awtvcm-7f6ab122c121e36697f09912ef513fdf\">\n.avia-section.av-awtvcm-7f6ab122c121e36697f09912ef513fdf{\nbackground-color:#ffffff;\nbackground-image:unset;\n}\n<\/style>\n<div id='av_section_2'  class='avia-section av-awtvcm-7f6ab122c121e36697f09912ef513fdf main_color avia-section-large avia-no-border-styling  avia-builder-el-4  el_after_av_section  avia-builder-el-last  avia-bg-style-scroll container_wrap fullsize'  ><div class='container av-section-cont-open' ><div class='template-page content  av-content-full alpha units'><div class='post-entry post-entry-type-page post-entry-1168'><div class='entry-content-wrapper clearfix'>\n\n<style type=\"text\/css\" data-created_by=\"avia_inline_auto\" id=\"style-css-av-1jtuf6-cd9d5d5f1c02cbc6bf0c34dabf887bdb\">\n#top .av-special-heading.av-1jtuf6-cd9d5d5f1c02cbc6bf0c34dabf887bdb{\npadding-bottom:10px;\n}\nbody .av-special-heading.av-1jtuf6-cd9d5d5f1c02cbc6bf0c34dabf887bdb .av-special-heading-tag .heading-char{\nfont-size:25px;\n}\n.av-special-heading.av-1jtuf6-cd9d5d5f1c02cbc6bf0c34dabf887bdb .av-subheading{\nfont-size:15px;\n}\n<\/style>\n<div  class='av-special-heading av-1jtuf6-cd9d5d5f1c02cbc6bf0c34dabf887bdb av-special-heading-h1 blockquote modern-quote  avia-builder-el-5  el_before_av_hr  avia-builder-el-first '><h1 class='av-special-heading-tag '  itemprop=\"headline\"  >Murmures &#8211; Silence Edition<\/h1><div class=\"special-heading-border\"><div class=\"special-heading-inner-border\"><\/div><\/div><\/div>\n<div  class='hr av-37qdga-03355024632196c62a3b0434c960e02b hr-default  avia-builder-el-6  el_after_av_heading  el_before_av_one_third '><span class='hr-inner '><span class=\"hr-inner-style\"><\/span><\/span><\/div>\n\n<style type=\"text\/css\" data-created_by=\"avia_inline_auto\" id=\"style-css-av-gb6de-a7ef8438f47df0072051549ab6b84bf1\">\n.flex_column.av-gb6de-a7ef8438f47df0072051549ab6b84bf1{\nborder-radius:0px 0px 0px 0px;\npadding:0px 0px 0px 0px;\n}\n<\/style>\n<div  class='flex_column av-gb6de-a7ef8438f47df0072051549ab6b84bf1 av_one_third  avia-builder-el-7  el_after_av_hr  el_before_av_two_third  first flex_column_div av-zero-column-padding  '     ><style type=\"text\/css\" data-created_by=\"avia_inline_auto\" id=\"style-css-av-jjoary0j-48b3d0d624d244ca5334825a5105ee2a\">\n.avia-image-container.av-jjoary0j-48b3d0d624d244ca5334825a5105ee2a img.avia_image{\nbox-shadow:none;\n}\n.avia-image-container.av-jjoary0j-48b3d0d624d244ca5334825a5105ee2a .av-image-caption-overlay-center{\ncolor:#ffffff;\n}\n<\/style>\n<div  class='avia-image-container av-jjoary0j-48b3d0d624d244ca5334825a5105ee2a av-styling- avia-align-center  avia-builder-el-8  avia-builder-el-no-sibling '   itemprop=\"image\" itemscope=\"itemscope\" itemtype=\"https:\/\/schema.org\/ImageObject\" ><div class=\"avia-image-container-inner\"><div class=\"avia-image-overlay-wrap\"><img decoding=\"async\" fetchpriority=\"high\" class='wp-image-1162 avia-img-lazy-loading-not-1162 avia_image ' src=\"https:\/\/hse-armaturen.de\/wp-content\/uploads\/2505_2515.jpg\" alt='' title='2505_2515'  height=\"640\" width=\"480\"  itemprop=\"thumbnailUrl\" srcset=\"https:\/\/hse-armaturen.de\/wp-content\/uploads\/2505_2515.jpg 480w, https:\/\/hse-armaturen.de\/wp-content\/uploads\/2505_2515-450x600.jpg 450w\" sizes=\"(max-width: 480px) 100vw, 480px\" \/><\/div><\/div><\/div><\/div>\n<style type=\"text\/css\" data-created_by=\"avia_inline_auto\" id=\"style-css-av-7poea-9c49ebf7f4314b92f601d45ebe819e87\">\n.flex_column.av-7poea-9c49ebf7f4314b92f601d45ebe819e87{\nborder-radius:0px 0px 0px 0px;\npadding:0px 0px 0px 0px;\n}\n<\/style>\n<div  class='flex_column av-7poea-9c49ebf7f4314b92f601d45ebe819e87 av_two_third  avia-builder-el-9  el_after_av_one_third  el_before_av_hr  flex_column_div av-zero-column-padding  '     ><p>\n<style type=\"text\/css\" data-created_by=\"avia_inline_auto\" id=\"style-css-av-1daw36-8fdde084a499291c898f8e1c6851c6d6\">\n#top .av-special-heading.av-1daw36-8fdde084a499291c898f8e1c6851c6d6{\npadding-bottom:0;\n}\nbody .av-special-heading.av-1daw36-8fdde084a499291c898f8e1c6851c6d6 .av-special-heading-tag .heading-char{\nfont-size:25px;\n}\n.av-special-heading.av-1daw36-8fdde084a499291c898f8e1c6851c6d6 .av-subheading{\nfont-size:15px;\n}\n<\/style>\n<div  class='av-special-heading av-1daw36-8fdde084a499291c898f8e1c6851c6d6 av-special-heading-h3 blockquote modern-quote  avia-builder-el-10  el_before_av_heading  avia-builder-el-first '><h3 class='av-special-heading-tag '  itemprop=\"headline\"  >Robinets d\u2019\u00e9querre<\/h3><div class=\"special-heading-border\"><div class=\"special-heading-inner-border\"><\/div><\/div><\/div><br \/>\n\n<style type=\"text\/css\" data-created_by=\"avia_inline_auto\" id=\"style-css-av-1797o2-d55ecedd6036c0d8e877a203c7d42713\">\n#top .av-special-heading.av-1797o2-d55ecedd6036c0d8e877a203c7d42713{\npadding-bottom:10px;\n}\nbody .av-special-heading.av-1797o2-d55ecedd6036c0d8e877a203c7d42713 .av-special-heading-tag .heading-char{\nfont-size:25px;\n}\n.av-special-heading.av-1797o2-d55ecedd6036c0d8e877a203c7d42713 .av-subheading{\nfont-size:15px;\n}\n<\/style>\n<div  class='av-special-heading av-1797o2-d55ecedd6036c0d8e877a203c7d42713 av-special-heading-h3 blockquote modern-quote  avia-builder-el-11  el_after_av_heading  el_before_av_heading '><h3 class='av-special-heading-tag '  itemprop=\"headline\"  >Robinets de puisage<\/h3><div class=\"special-heading-border\"><div class=\"special-heading-inner-border\"><\/div><\/div><\/div><br \/>\n\n<style type=\"text\/css\" data-created_by=\"avia_inline_auto\" id=\"style-css-av-12xpoa-db7f66fca85b63cf45be807ef33d178f\">\n#top .av-special-heading.av-12xpoa-db7f66fca85b63cf45be807ef33d178f{\npadding-bottom:0;\n}\nbody .av-special-heading.av-12xpoa-db7f66fca85b63cf45be807ef33d178f .av-special-heading-tag .heading-char{\nfont-size:25px;\n}\n.av-special-heading.av-12xpoa-db7f66fca85b63cf45be807ef33d178f .av-subheading{\nfont-size:15px;\n}\n<\/style>\n<div  class='av-special-heading av-12xpoa-db7f66fca85b63cf45be807ef33d178f av-special-heading-h3 blockquote modern-quote  avia-builder-el-12  el_after_av_heading  el_before_av_hr '><h3 class='av-special-heading-tag '  itemprop=\"headline\"  >Robinets machines \u00e0 laver<\/h3><div class=\"special-heading-border\"><div class=\"special-heading-inner-border\"><\/div><\/div><\/div><br \/>\n\n<style type=\"text\/css\" data-created_by=\"avia_inline_auto\" id=\"style-css-av-k34fy407-d12a2431ecece859738dc4d4794aab40\">\n#top .hr.hr-invisible.av-k34fy407-d12a2431ecece859738dc4d4794aab40{\nheight:40px;\n}\n<\/style>\n<div  class='hr av-k34fy407-d12a2431ecece859738dc4d4794aab40 hr-invisible  avia-builder-el-13  el_after_av_heading  el_before_av_textblock '><span class='hr-inner '><span class=\"hr-inner-style\"><\/span><\/span><\/div><br \/>\n<section  class='av_textblock_section av-jjoat1ds-29857e7b7ae19d9dbaa4427ac48f38e3 '   itemscope=\"itemscope\" itemtype=\"https:\/\/schema.org\/CreativeWork\" ><div class='avia_textblock'  itemprop=\"text\" ><p><span class=\"subheadline_grau\">La protection contre le bruit est prise au s\u00e9rieux<br \/>\n<\/span>L&#8217;isolation acoustique est consid\u00e9r\u00e9e comme une caract\u00e9ristique importante et d\u00e9terminante pour la qualit\u00e9 des b\u00e2timents. Elle est exig\u00e9e par la r\u00e9glementation en mati\u00e8re de construction pour la plupart des types de b\u00e2timents et est r\u00e9gie par la norme DIN 4109. Les tourbillons d&#8217;eau cr\u00e9\u00e9s dans les robinetteries entra\u00eenent des bruits d&#8217;\u00e9coulement qui sont transmis au b\u00e2timent. Dans les b\u00e2timents modernes en particulier, ces bruits sont per\u00e7us comme d\u00e9sagr\u00e9ables et stressants.<\/p>\n<\/div><\/section><br \/>\n<div  class='avia-button-wrap av-jjoaukuu-fb4f324d947044c660ea0dd6ce85598c-wrap avia-button-left  avia-builder-el-15  el_after_av_textblock  avia-builder-el-last '>\n<style type=\"text\/css\" data-created_by=\"avia_inline_auto\" id=\"style-css-av-jjoaukuu-fb4f324d947044c660ea0dd6ce85598c\">\n#top #wrap_all .avia-button.av-jjoaukuu-fb4f324d947044c660ea0dd6ce85598c{\nbackground-color:#007456;\nborder-color:#007456;\ncolor:#ffffff;\ntransition:all 0.4s ease-in-out;\n}\n#top #wrap_all .avia-button.av-jjoaukuu-fb4f324d947044c660ea0dd6ce85598c .avia-svg-icon svg:first-child{\nfill:#ffffff;\nstroke:#ffffff;\n}\n<\/style>\n<a href='https:\/\/hse-armaturen.de\/fr\/fluesterarmaturen-silence-edition\/'  class='avia-button av-jjoaukuu-fb4f324d947044c660ea0dd6ce85598c av-link-btn avia-icon_select-yes-left-icon avia-size-small avia-position-left'   aria-label=\"En savoir plus\"><span class='avia_button_icon avia_button_icon_left avia-iconfont avia-font-entypo-fontello' data-av_icon='\ue885' data-av_iconfont='entypo-fontello' ><\/span><span class='avia_iconbox_title' >En savoir plus<\/span><\/a><\/div><\/p><\/div>\n<style type=\"text\/css\" data-created_by=\"avia_inline_auto\" id=\"style-css-av-k34fy407-d12a2431ecece859738dc4d4794aab40\">\n#top .hr.hr-invisible.av-k34fy407-d12a2431ecece859738dc4d4794aab40{\nheight:40px;\n}\n<\/style>\n<div  class='hr av-k34fy407-d12a2431ecece859738dc4d4794aab40 hr-invisible  avia-builder-el-16  el_after_av_two_third  el_before_av_heading '><span class='hr-inner '><span class=\"hr-inner-style\"><\/span><\/span><\/div>\n\n<style type=\"text\/css\" data-created_by=\"avia_inline_auto\" id=\"style-css-av-w65xe-2804a16f9526c68069cd087c49469c61\">\n#top .av-special-heading.av-w65xe-2804a16f9526c68069cd087c49469c61{\npadding-bottom:10px;\n}\nbody .av-special-heading.av-w65xe-2804a16f9526c68069cd087c49469c61 .av-special-heading-tag .heading-char{\nfont-size:25px;\n}\n.av-special-heading.av-w65xe-2804a16f9526c68069cd087c49469c61 .av-subheading{\nfont-size:15px;\n}\n<\/style>\n<div  class='av-special-heading av-w65xe-2804a16f9526c68069cd087c49469c61 av-special-heading-h1 blockquote modern-quote  avia-builder-el-17  el_after_av_hr  el_before_av_hr '><h1 class='av-special-heading-tag '  itemprop=\"headline\"  >Robinets \u00e0 boisseau sph\u00e9rique pour l\u2019eau potable<\/h1><div class=\"special-heading-border\"><div class=\"special-heading-inner-border\"><\/div><\/div><\/div>\n<div  class='hr av-2iyujm-f469db5d6b5ef5e254146ec80c9a8a0d hr-default  avia-builder-el-18  el_after_av_heading  el_before_av_one_third '><span class='hr-inner '><span class=\"hr-inner-style\"><\/span><\/span><\/div>\n\n<style type=\"text\/css\" data-created_by=\"avia_inline_auto\" id=\"style-css-av-gb6de-a7ef8438f47df0072051549ab6b84bf1\">\n.flex_column.av-gb6de-a7ef8438f47df0072051549ab6b84bf1{\nborder-radius:0px 0px 0px 0px;\npadding:0px 0px 0px 0px;\n}\n<\/style>\n<div  class='flex_column av-gb6de-a7ef8438f47df0072051549ab6b84bf1 av_one_third  avia-builder-el-19  el_after_av_hr  el_before_av_two_third  first flex_column_div av-zero-column-padding  '     ><\/div>\n<style type=\"text\/css\" data-created_by=\"avia_inline_auto\" id=\"style-css-av-7poea-9c49ebf7f4314b92f601d45ebe819e87\">\n.flex_column.av-7poea-9c49ebf7f4314b92f601d45ebe819e87{\nborder-radius:0px 0px 0px 0px;\npadding:0px 0px 0px 0px;\n}\n<\/style>\n<div  class='flex_column av-7poea-9c49ebf7f4314b92f601d45ebe819e87 av_two_third  avia-builder-el-20  el_after_av_one_third  el_before_av_hr  flex_column_div av-zero-column-padding  '     ><p>\n<style type=\"text\/css\" data-created_by=\"avia_inline_auto\" id=\"style-css-av-ose0y-72b89c38360457b93709150412e321dc\">\n#top .av-special-heading.av-ose0y-72b89c38360457b93709150412e321dc{\npadding-bottom:10px;\n}\nbody .av-special-heading.av-ose0y-72b89c38360457b93709150412e321dc .av-special-heading-tag .heading-char{\nfont-size:25px;\n}\n.av-special-heading.av-ose0y-72b89c38360457b93709150412e321dc .av-subheading{\nfont-size:15px;\n}\n<\/style>\n<div  class='av-special-heading av-ose0y-72b89c38360457b93709150412e321dc av-special-heading-h3 blockquote modern-quote  avia-builder-el-21  el_before_av_heading  avia-builder-el-first '><h3 class='av-special-heading-tag '  itemprop=\"headline\"  >Robinets \u00e0 bille Uniwater<\/h3><div class=\"special-heading-border\"><div class=\"special-heading-inner-border\"><\/div><\/div><\/div><br \/>\n\n<style type=\"text\/css\" data-created_by=\"avia_inline_auto\" id=\"style-css-av-1w2ve-6d715e76f6c7bed2a956388b84d58aed\">\n#top .av-special-heading.av-1w2ve-6d715e76f6c7bed2a956388b84d58aed{\npadding-bottom:10px;\n}\nbody .av-special-heading.av-1w2ve-6d715e76f6c7bed2a956388b84d58aed .av-special-heading-tag .heading-char{\nfont-size:25px;\n}\n.av-special-heading.av-1w2ve-6d715e76f6c7bed2a956388b84d58aed .av-subheading{\nfont-size:15px;\n}\n<\/style>\n<div  class='av-special-heading av-1w2ve-6d715e76f6c7bed2a956388b84d58aed av-special-heading-h3 blockquote modern-quote  avia-builder-el-22  el_after_av_heading  el_before_av_hr '><h3 class='av-special-heading-tag '  itemprop=\"headline\"  >Vannes \u00e0 bille du syst\u00e8me Uniwater<\/h3><div class=\"special-heading-border\"><div class=\"special-heading-inner-border\"><\/div><\/div><\/div><br \/>\n\n<style type=\"text\/css\" data-created_by=\"avia_inline_auto\" id=\"style-css-av-k34fy407-d12a2431ecece859738dc4d4794aab40\">\n#top .hr.hr-invisible.av-k34fy407-d12a2431ecece859738dc4d4794aab40{\nheight:40px;\n}\n<\/style>\n<div  class='hr av-k34fy407-d12a2431ecece859738dc4d4794aab40 hr-invisible  avia-builder-el-23  el_after_av_heading  el_before_av_textblock '><span class='hr-inner '><span class=\"hr-inner-style\"><\/span><\/span><\/div><br \/>\n<section  class='av_textblock_section av-jjoat1ds-29857e7b7ae19d9dbaa4427ac48f38e3 '   itemscope=\"itemscope\" itemtype=\"https:\/\/schema.org\/CreativeWork\" ><div class='avia_textblock'  itemprop=\"text\" ><p>Les robinets \u00e0 bille HSE<small><sup>\u00ae<\/sup><\/small> Uniwater en 3\/8\u2033-2\u2033 tailles sont certifi\u00e9s DVGW sous le num\u00e9ro d&#8217;enregistrement NW-6102AT2438 et ont la classe de bruit I, P-iX 18536\/I. Le montage optimis\u00e9 de l&#8217;espace mort garantit qu&#8217;aucune formation de l\u00e9gionelles n&#8217;est possible. Les dimensions DIN face \u00e0 face permettent un remplacement facile par des valves DIN \u00e0 \u00e9coulement libre. Le mat\u00e9riau utilis\u00e9, CW 617 N, est \u00e9galement autoris\u00e9 pour une utilisation dans les syst\u00e8mes d&#8217;eau de service apr\u00e8s le 11\/2013<\/p>\n<\/div><\/section><br \/>\n<div  class='avia-button-wrap av-jjoaukuu-f5d886af33b09af4f0da3a5338caeea0-wrap avia-button-left  avia-builder-el-25  el_after_av_textblock  avia-builder-el-last '>\n<style type=\"text\/css\" data-created_by=\"avia_inline_auto\" id=\"style-css-av-jjoaukuu-f5d886af33b09af4f0da3a5338caeea0\">\n#top #wrap_all .avia-button.av-jjoaukuu-f5d886af33b09af4f0da3a5338caeea0{\nbackground-color:#007456;\nborder-color:#007456;\ncolor:#ffffff;\ntransition:all 0.4s ease-in-out;\n}\n#top #wrap_all .avia-button.av-jjoaukuu-f5d886af33b09af4f0da3a5338caeea0 .avia-svg-icon svg:first-child{\nfill:#ffffff;\nstroke:#ffffff;\n}\n<\/style>\n<a href='https:\/\/hse-armaturen.de\/fr\/trinkwasser-kugelhaehne\/'  class='avia-button av-jjoaukuu-f5d886af33b09af4f0da3a5338caeea0 av-link-btn avia-icon_select-yes-left-icon avia-size-small avia-position-left'   aria-label=\"En savoir plus\"><span class='avia_button_icon avia_button_icon_left avia-iconfont avia-font-entypo-fontello' data-av_icon='\ue885' data-av_iconfont='entypo-fontello' ><\/span><span class='avia_iconbox_title' >En savoir plus<\/span><\/a><\/div><\/p><\/div>\n<style type=\"text\/css\" data-created_by=\"avia_inline_auto\" id=\"style-css-av-k34fy407-d12a2431ecece859738dc4d4794aab40\">\n#top .hr.hr-invisible.av-k34fy407-d12a2431ecece859738dc4d4794aab40{\nheight:40px;\n}\n<\/style>\n<div  class='hr av-k34fy407-d12a2431ecece859738dc4d4794aab40 hr-invisible  avia-builder-el-26  el_after_av_two_third  el_before_av_heading '><span class='hr-inner '><span class=\"hr-inner-style\"><\/span><\/span><\/div>\n\n<style type=\"text\/css\" data-created_by=\"avia_inline_auto\" id=\"style-css-av-dtpoy-428569efae47c89c78a5b7918008776e\">\n#top .av-special-heading.av-dtpoy-428569efae47c89c78a5b7918008776e{\npadding-bottom:10px;\n}\nbody .av-special-heading.av-dtpoy-428569efae47c89c78a5b7918008776e .av-special-heading-tag .heading-char{\nfont-size:25px;\n}\n.av-special-heading.av-dtpoy-428569efae47c89c78a5b7918008776e .av-subheading{\nfont-size:15px;\n}\n<\/style>\n<div  class='av-special-heading av-dtpoy-428569efae47c89c78a5b7918008776e av-special-heading-h1 blockquote modern-quote  avia-builder-el-27  el_after_av_hr  el_before_av_hr '><h1 class='av-special-heading-tag '  itemprop=\"headline\"  >Robinets \u00e0 boisseau sph\u00e9rique chauffage\/ gaz<\/h1><div class=\"special-heading-border\"><div class=\"special-heading-inner-border\"><\/div><\/div><\/div>\n<div  class='hr av-16lsay-bc5bbc3e23f5b352186c1abda45b803e hr-default  avia-builder-el-28  el_after_av_heading  el_before_av_one_third '><span class='hr-inner '><span class=\"hr-inner-style\"><\/span><\/span><\/div>\n\n<style type=\"text\/css\" data-created_by=\"avia_inline_auto\" id=\"style-css-av-gb6de-a7ef8438f47df0072051549ab6b84bf1\">\n.flex_column.av-gb6de-a7ef8438f47df0072051549ab6b84bf1{\nborder-radius:0px 0px 0px 0px;\npadding:0px 0px 0px 0px;\n}\n<\/style>\n<div  class='flex_column av-gb6de-a7ef8438f47df0072051549ab6b84bf1 av_one_third  avia-builder-el-29  el_after_av_hr  el_before_av_two_third  first flex_column_div av-zero-column-padding  '     ><\/div>\n<style type=\"text\/css\" data-created_by=\"avia_inline_auto\" id=\"style-css-av-7poea-9c49ebf7f4314b92f601d45ebe819e87\">\n.flex_column.av-7poea-9c49ebf7f4314b92f601d45ebe819e87{\nborder-radius:0px 0px 0px 0px;\npadding:0px 0px 0px 0px;\n}\n<\/style>\n<div  class='flex_column av-7poea-9c49ebf7f4314b92f601d45ebe819e87 av_two_third  avia-builder-el-30  el_after_av_one_third  el_before_av_hr  flex_column_div av-zero-column-padding  '     ><p>\n<style type=\"text\/css\" data-created_by=\"avia_inline_auto\" id=\"style-css-av-blknu-7d73059b64fc1b45ad0a940675956da0\">\n#top .av-special-heading.av-blknu-7d73059b64fc1b45ad0a940675956da0{\npadding-bottom:10px;\n}\nbody .av-special-heading.av-blknu-7d73059b64fc1b45ad0a940675956da0 .av-special-heading-tag .heading-char{\nfont-size:25px;\n}\n.av-special-heading.av-blknu-7d73059b64fc1b45ad0a940675956da0 .av-subheading{\nfont-size:15px;\n}\n<\/style>\n<div  class='av-special-heading av-blknu-7d73059b64fc1b45ad0a940675956da0 av-special-heading-h3 blockquote modern-quote  avia-builder-el-31  el_before_av_textblock  avia-builder-el-first '><h3 class='av-special-heading-tag '  itemprop=\"headline\"  >Robinets \u00e0 boisseau sph\u00e9rique Univers<\/h3><div class=\"special-heading-border\"><div class=\"special-heading-inner-border\"><\/div><\/div><\/div><br \/>\n<section  class='av_textblock_section av-jjoat1ds-29857e7b7ae19d9dbaa4427ac48f38e3 '   itemscope=\"itemscope\" itemtype=\"https:\/\/schema.org\/CreativeWork\" ><div class='avia_textblock'  itemprop=\"text\" ><p>Les robinets \u00e0 boisseau sph\u00e9rique HSE<small><sup>\u00ae<\/sup><\/small>en MS 58 sont disponibles dans diff\u00e9rentes pressions nominales et variantes de poign\u00e9es et conviennent \u00e0 une large gamme d&#8217;applications dans les syst\u00e8mes de chauffage et industriels. Nous proposons des robinets \u00e0 boisseau sph\u00e9rique avec filetage, avec raccords \u00e0 vis, avec raccord \u00e0 souder et avec raccord \u00e0 sertir. Les robinets \u00e0 boule ont un joint en PTFE sur la boule et sur la tige avec un presse-\u00e9toupe r\u00e9tractable et sont donc absolument \u00e9tanches sur une longue p\u00e9riode d&#8217;utilisation.<\/p>\n<\/div><\/section><br \/>\n<div  class='avia-button-wrap av-jjoaukuu-9cb256e0dc0aa4a03ce09a68e10f007e-wrap avia-button-left  avia-builder-el-33  el_after_av_textblock  avia-builder-el-last '>\n<style type=\"text\/css\" data-created_by=\"avia_inline_auto\" id=\"style-css-av-jjoaukuu-9cb256e0dc0aa4a03ce09a68e10f007e\">\n#top #wrap_all .avia-button.av-jjoaukuu-9cb256e0dc0aa4a03ce09a68e10f007e{\nbackground-color:#007456;\nborder-color:#007456;\ncolor:#ffffff;\ntransition:all 0.4s ease-in-out;\n}\n#top #wrap_all .avia-button.av-jjoaukuu-9cb256e0dc0aa4a03ce09a68e10f007e .avia-svg-icon svg:first-child{\nfill:#ffffff;\nstroke:#ffffff;\n}\n<\/style>\n<a href='https:\/\/hse-armaturen.de\/fr\/heizungs-und-gas-kugelhaehne\/'  class='avia-button av-jjoaukuu-9cb256e0dc0aa4a03ce09a68e10f007e av-link-btn avia-icon_select-yes-left-icon avia-size-small avia-position-left'   aria-label=\"En savoir plus\"><span class='avia_button_icon avia_button_icon_left avia-iconfont avia-font-entypo-fontello' data-av_icon='\ue885' data-av_iconfont='entypo-fontello' ><\/span><span class='avia_iconbox_title' >En savoir plus<\/span><\/a><\/div><\/p><\/div>\n<style type=\"text\/css\" data-created_by=\"avia_inline_auto\" id=\"style-css-av-k34fy407-d12a2431ecece859738dc4d4794aab40\">\n#top .hr.hr-invisible.av-k34fy407-d12a2431ecece859738dc4d4794aab40{\nheight:40px;\n}\n<\/style>\n<div  class='hr av-k34fy407-d12a2431ecece859738dc4d4794aab40 hr-invisible  avia-builder-el-34  el_after_av_two_third  avia-builder-el-last '><span class='hr-inner '><span class=\"hr-inner-style\"><\/span><\/span><\/div>\n\n","protected":false},"excerpt":{"rendered":"","protected":false},"author":2,"featured_media":0,"parent":0,"menu_order":0,"comment_status":"closed","ping_status":"closed","template":"","meta":{"footnotes":""},"class_list":["post-1168","page","type-page","status-publish","hentry"],"_links":{"self":[{"href":"https:\/\/hse-armaturen.de\/fr\/wp-json\/wp\/v2\/pages\/1168","targetHints":{"allow":["GET"]}}],"collection":[{"href":"https:\/\/hse-armaturen.de\/fr\/wp-json\/wp\/v2\/pages"}],"about":[{"href":"https:\/\/hse-armaturen.de\/fr\/wp-json\/wp\/v2\/types\/page"}],"author":[{"embeddable":true,"href":"https:\/\/hse-armaturen.de\/fr\/wp-json\/wp\/v2\/users\/2"}],"replies":[{"embeddable":true,"href":"https:\/\/hse-armaturen.de\/fr\/wp-json\/wp\/v2\/comments?post=1168"}],"version-history":[{"count":0,"href":"https:\/\/hse-armaturen.de\/fr\/wp-json\/wp\/v2\/pages\/1168\/revisions"}],"wp:attachment":[{"href":"https:\/\/hse-armaturen.de\/fr\/wp-json\/wp\/v2\/media?parent=1168"}],"curies":[{"name":"wp","href":"https:\/\/api.w.org\/{rel}","templated":true}]}}