{"id":1187,"date":"2018-10-16T13:49:49","date_gmt":"2018-10-16T11:49:49","guid":{"rendered":"https:\/\/hse-armaturen.de\/fluesterarmaturen-silence-edition\/"},"modified":"2021-01-25T14:34:41","modified_gmt":"2021-01-25T13:34:41","slug":"fluesterarmaturen-silence-edition","status":"publish","type":"page","link":"https:\/\/hse-armaturen.de\/fr\/fluesterarmaturen-silence-edition\/","title":{"rendered":"Murmures &#8211; Silence Edition"},"content":{"rendered":"<div id='full_slider_1'  class='avia-fullwidth-slider main_color avia-shadow   avia-builder-el-0  el_before_av_section  avia-builder-el-first   container_wrap fullsize'  ><div  class='avia-slideshow av-b5m22e-269104da53fc503a2d1fdbc92b086b24 avia-slideshow-no scaling av_slideshow_full avia-fade-slider av-slideshow-ui av-control-hidden av-no-slider-navigation av-hide-nav-arrows av-slideshow-autoplay av-loop-endless av-loop-manual-endless av-default-height-applied   avia-slideshow-1' data-slideshow-options=\"{&quot;animation&quot;:&quot;fade&quot;,&quot;autoplay&quot;:true,&quot;loop_autoplay&quot;:&quot;endless&quot;,&quot;interval&quot;:5,&quot;loop_manual&quot;:&quot;manual-endless&quot;,&quot;autoplay_stopper&quot;:false,&quot;noNavigation&quot;:true,&quot;bg_slider&quot;:false,&quot;keep_padding&quot;:false,&quot;hoverpause&quot;:false,&quot;show_slide_delay&quot;:0}\"  itemprop=\"image\" itemscope=\"itemscope\" itemtype=\"https:\/\/schema.org\/ImageObject\" ><ul class='avia-slideshow-inner ' style='padding-bottom: 33.333333333333%;'><li  class='avia-slideshow-slide av-b5m22e-269104da53fc503a2d1fdbc92b086b24__0  av-single-slide slide-1 slide-odd'><div data-rel='slideshow-1' class='avia-slide-wrap '   ><img decoding=\"async\" fetchpriority=\"high\" class=\"wp-image-1174 avia-img-lazy-loading-not-1174\"  src=\"https:\/\/hse-armaturen.de\/wp-content\/uploads\/produkte.jpg\" width=\"1920\" height=\"640\" title='produits' alt=''  itemprop=\"thumbnailUrl\" srcset=\"https:\/\/hse-armaturen.de\/wp-content\/uploads\/produkte.jpg 1920w, https:\/\/hse-armaturen.de\/wp-content\/uploads\/produkte-768x256.jpg 768w, https:\/\/hse-armaturen.de\/wp-content\/uploads\/produkte-1500x500.jpg 1500w, https:\/\/hse-armaturen.de\/wp-content\/uploads\/produkte-705x235.jpg 705w, https:\/\/hse-armaturen.de\/wp-content\/uploads\/produkte-450x150.jpg 450w\" sizes=\"(max-width: 1920px) 100vw, 1920px\" \/><\/div><\/li><\/ul><\/div><\/div>\n\n<style type=\"text\/css\" data-created_by=\"avia_inline_auto\" id=\"style-css-av-jt792-30a9c9ab82893d816b614aae443dd1a0\">\n.avia-section.av-jt792-30a9c9ab82893d816b614aae443dd1a0{\nbackground-color:#007456;\nbackground-image:unset;\n}\n<\/style>\n<div id='av_section_1'  class='avia-section av-jt792-30a9c9ab82893d816b614aae443dd1a0 main_color avia-section-large avia-no-border-styling  avia-builder-el-1  el_after_av_slideshow_full  el_before_av_two_third  avia-bg-style-scroll container_wrap fullsize'  ><div class='container av-section-cont-open' ><div class='template-page content  av-content-full alpha units'><div class='post-entry post-entry-type-page post-entry-1187'><div class='entry-content-wrapper clearfix'>\n\n<style type=\"text\/css\" data-created_by=\"avia_inline_auto\" id=\"style-css-av-62gm-024b5cd686f4855ef5d04cd654d9ea7e\">\n.flex_column.av-62gm-024b5cd686f4855ef5d04cd654d9ea7e{\nborder-radius:0px 0px 0px 0px;\npadding:0px 0px 0px 0px;\n}\n<\/style>\n<div  class='flex_column av-62gm-024b5cd686f4855ef5d04cd654d9ea7e av_one_full  avia-builder-el-2  avia-builder-el-no-sibling  first flex_column_div av-zero-column-padding  '     ><style type=\"text\/css\" data-created_by=\"avia_inline_auto\" id=\"style-css-av-jnbpecgl-3b03874582aba4cbd2414d54ed23485e\">\n#top .av-special-heading.av-jnbpecgl-3b03874582aba4cbd2414d54ed23485e{\npadding-bottom:0;\ncolor:#ffffff;\nfont-size:36px;\n}\nbody .av-special-heading.av-jnbpecgl-3b03874582aba4cbd2414d54ed23485e .av-special-heading-tag .heading-char{\nfont-size:25px;\n}\n#top #wrap_all .av-special-heading.av-jnbpecgl-3b03874582aba4cbd2414d54ed23485e .av-special-heading-tag{\nfont-size:36px;\n}\n.av-special-heading.av-jnbpecgl-3b03874582aba4cbd2414d54ed23485e .special-heading-inner-border{\nborder-color:#ffffff;\n}\n.av-special-heading.av-jnbpecgl-3b03874582aba4cbd2414d54ed23485e .av-subheading{\nfont-size:15px;\n}\n\n@media only screen and (min-width: 480px) and (max-width: 767px){ \n#top #wrap_all .av-special-heading.av-jnbpecgl-3b03874582aba4cbd2414d54ed23485e .av-special-heading-tag{\nfont-size:0.8em;\n}\n}\n\n@media only screen and (max-width: 479px){ \n#top #wrap_all .av-special-heading.av-jnbpecgl-3b03874582aba4cbd2414d54ed23485e .av-special-heading-tag{\nfont-size:0.8em;\n}\n}\n<\/style>\n<div  class='av-special-heading av-jnbpecgl-3b03874582aba4cbd2414d54ed23485e av-special-heading-h1 custom-color-heading blockquote modern-quote  avia-builder-el-3  avia-builder-el-no-sibling  av-inherit-size'><h1 class='av-special-heading-tag '  itemprop=\"headline\"  >Murmures &#8211; Silence Edition<\/h1><div class=\"special-heading-border\"><div class=\"special-heading-inner-border\"><\/div><\/div><\/div><\/div>\n<\/div><\/div><\/div><!-- close content main div --><\/div><\/div><div id='after_section_1'  class='main_color av_default_container_wrap container_wrap fullsize'  ><div class='container av-section-cont-open' ><div class='template-page content  av-content-full alpha units'><div class='post-entry post-entry-type-page post-entry-1187'><div class='entry-content-wrapper clearfix'>\n\n<style type=\"text\/css\" data-created_by=\"avia_inline_auto\" id=\"style-css-av-wc0t1-6273497dc0fe061833b1db8c2dce1d70\">\n.flex_column.av-wc0t1-6273497dc0fe061833b1db8c2dce1d70{\nborder-radius:0px 0px 0px 0px;\npadding:0px 0px 0px 0px;\n}\n<\/style>\n<div  class='flex_column av-wc0t1-6273497dc0fe061833b1db8c2dce1d70 av_two_third  avia-builder-el-4  el_after_av_section  el_before_av_one_third  avia-builder-el-first  first flex_column_div av-zero-column-padding  '     ><p><section  class='av_textblock_section av-jnbmb36f-bfd23ccfeb7c8ee2239bd6ac988b54d1 '   itemscope=\"itemscope\" itemtype=\"https:\/\/schema.org\/CreativeWork\" ><div class='avia_textblock'  itemprop=\"text\" ><p>Notre gamme HSE\u00ae Silence Edition comprend des <strong>robinets d\u2019\u00e9querre, des robinets de puisage,<\/strong> et un <strong>robinet machine \u00e0 laver.<\/strong><\/p>\n<p>La protection contre le bruit est prise au s\u00e9rieux<\/p>\n<p>L&#8217;isolation acoustique est consid\u00e9r\u00e9e comme une caract\u00e9ristique importante et d\u00e9terminante pour la qualit\u00e9 des b\u00e2timents. Elle est exig\u00e9e par le droit de la construction pour la plupart des types de b\u00e2timents et est r\u00e9glement\u00e9e par la norme DIN 4109. Les tourbillons d&#8217;eau cr\u00e9\u00e9s dans les robinetteries entra\u00eenent des bruits d&#8217;\u00e9coulement qui sont transmis au b\u00e2timent. Dans les b\u00e2timents modernes en particulier, ces bruits sont per\u00e7us comme d\u00e9sagr\u00e9ables et stressants.<\/p>\n<p><strong>Les silencieux HSE\u00ae sont con\u00e7us pour optimiser le d\u00e9bit afin de minimiser la g\u00e9n\u00e9ration de bruit au point d&#8217;\u00e9tranglement de la vanne.<\/strong><\/p>\n<p>La norme DIN 4109 divise les vannes en classes de d\u00e9bit et en groupes de vannes. C&#8217;est sur cette base que sont d\u00e9livr\u00e9s un certificat de contr\u00f4le des autorit\u00e9s de construction (certificat P) et un certificat DVGW.\u00a0 Les raccords HSE\u00ae Silence appartiennent au groupe de raccords 1, avec un niveau de bruit de raccord &lt; 20 DB(A) \u00e0 une pression d&#8217;\u00e9coulement de 3 bars. Seuls ces \u00e9quipements peuvent \u00eatre install\u00e9s sur les murs qui bordent les pi\u00e8ces \u00e0 prot\u00e9ger (salons, chambres et salles de travail) au m\u00eame \u00e9tage ou aux \u00e9tages sup\u00e9rieurs ou inf\u00e9rieurs.<\/p>\n<p><strong>Afin de respecter les r\u00e9glementations en mati\u00e8re de construction, les vannes doivent r\u00e9pondre aux r\u00e8gles reconnues et \u00e0 l&#8217;\u00e9tat de la technique. Les soupapes HSE\u00ae Silence r\u00e9pondent \u00e0 toutes les exigences :<\/strong><\/p>\n<p>Raccords HSE\u00ae Silence &#8211; Qualit\u00e9 test\u00e9e et certifi\u00e9e<\/p>\n<p>Les raccords HSE\u00ae Silence ont \u00e9t\u00e9 d\u00e9velopp\u00e9s dans notre centre technique de Berlin et sont soumis \u00e0 une surveillance constante de la qualit\u00e9 et de la s\u00e9curit\u00e9 conform\u00e9ment aux directives du DVGW et aux normes DIN.<\/p>\n<p>La marque de certification DVGW certifie que les soupapes HSE\u00ae Silence sont conformes aux r\u00e8gles reconnues de la technologie. En tant que produit certifi\u00e9 DVGW, les vannes HSE\u00ae et nos installations de production sont continuellement contr\u00f4l\u00e9es par des organismes accr\u00e9dit\u00e9s (T\u00dcV Rheinland).<\/p>\n<p>Le certificat d&#8217;essai g\u00e9n\u00e9ral de l&#8217;autorit\u00e9 de la construction (marque \u00dc) certifie que les raccords HSE\u00ae Silence r\u00e9pondent aux exigences des r\u00e8glements de construction de l&#8217;\u00c9tat et sont aptes \u00e0 \u00eatre utilis\u00e9s.<\/p>\n<p>Le label de qualit\u00e9 europ\u00e9en WELL Water Efficiency Label vous montre d&#8217;un coup d&#8217;\u0153il si les robinetteries utilisent l&#8217;eau avec parcimonie et consomment peu d&#8217;\u00e9nergie.<\/p>\n<\/div><\/section><br \/>\n\n<style type=\"text\/css\" data-created_by=\"avia_inline_auto\" id=\"style-css-av-jnbmha5l-0fe21cc6df169456e5c5402bbff62ead\">\n.iconbox.av-jnbmha5l-0fe21cc6df169456e5c5402bbff62ead .iconbox_icon{\ncolor:#007456;\n}\n.iconbox.av-jnbmha5l-0fe21cc6df169456e5c5402bbff62ead .iconbox_icon.avia-svg-icon svg:first-child{\nfill:#007456;\nstroke:#007456;\n}\n<\/style>\n<article  class='iconbox iconbox_left av-jnbmha5l-0fe21cc6df169456e5c5402bbff62ead  avia-builder-el-6  el_after_av_textblock  avia-builder-el-last '  itemscope=\"itemscope\" itemtype=\"https:\/\/schema.org\/CreativeWork\" ><div class=\"iconbox_content\"><header class=\"entry-content-header\" aria-label=\"Ic\u00f4ne : HSE\u00ae Silence Murmures - Catalogue des produits\"><div class='iconbox_icon heading-color avia-iconfont avia-font-entypo-fontello' data-av_icon='\ue82d' data-av_iconfont='entypo-fontello' title=\"HSE\u00ae Silence Murmures - Catalogue des produits\" desc=\"HSE\u00ae Silence Murmures - Catalogue des produits\" ><\/div><h3 class='iconbox_content_title '  itemprop=\"headline\" ><a href='https:\/\/hse-armaturen.de\/wp-content\/uploads\/HSE_Silence.pdf' title='HSE\u00ae Silence Murmures - Catalogue des produits'  >HSE\u00ae Silence Murmures - Catalogue des produits<\/a><\/h3><\/header><div class='iconbox_content_container '  itemprop=\"text\" ><\/div><\/div><footer class=\"entry-footer\"><\/footer><\/article><\/p><\/div>\n\n<style type=\"text\/css\" data-created_by=\"avia_inline_auto\" id=\"style-css-av-onw7x-862f27db8a3f48b1d74ebad8e9a4332b\">\n.flex_column.av-onw7x-862f27db8a3f48b1d74ebad8e9a4332b{\nborder-radius:0px 0px 0px 0px;\npadding:0px 0px 0px 0px;\n}\n<\/style>\n<div  class='flex_column av-onw7x-862f27db8a3f48b1d74ebad8e9a4332b av_one_third  avia-builder-el-7  el_after_av_two_third  avia-builder-el-last  flex_column_div av-zero-column-padding  '     ><div  class='avia-slideshow av-jnbmevkh-ab2d3265f5e9e58cf2d1fb7366e84e2f avia-slideshow-no scaling av_slideshow avia-fade-slider  avia-builder-el-8  avia-builder-el-no-sibling  av-slideshow-ui av-control-hidden av-no-slider-navigation av-hide-nav-arrows av-slideshow-autoplay av-loop-endless av-loop-manual-endless av-default-height-applied avia-slideshow-2' data-slideshow-options=\"{&quot;animation&quot;:&quot;fade&quot;,&quot;autoplay&quot;:true,&quot;loop_autoplay&quot;:&quot;endless&quot;,&quot;interval&quot;:3,&quot;loop_manual&quot;:&quot;manual-endless&quot;,&quot;autoplay_stopper&quot;:false,&quot;noNavigation&quot;:true,&quot;bg_slider&quot;:false,&quot;keep_padding&quot;:false,&quot;hoverpause&quot;:false,&quot;show_slide_delay&quot;:0}\"  itemprop=\"image\" itemscope=\"itemscope\" itemtype=\"https:\/\/schema.org\/ImageObject\" ><ul class='avia-slideshow-inner ' style='padding-bottom: 133.33333333333%;'><li  class='avia-slideshow-slide av-jnbmevkh-ab2d3265f5e9e58cf2d1fb7366e84e2f__0  slide-1 slide-odd'><div data-rel='slideshow-2' class='avia-slide-wrap '   ><img decoding=\"async\" fetchpriority=\"high\" class=\"wp-image-1162 avia-img-lazy-loading-not-1162\"  src=\"https:\/\/hse-armaturen.de\/wp-content\/uploads\/2505_2515.jpg\" width=\"480\" height=\"640\" title='2505_2515' alt=''  itemprop=\"thumbnailUrl\" srcset=\"https:\/\/hse-armaturen.de\/wp-content\/uploads\/2505_2515.jpg 480w, https:\/\/hse-armaturen.de\/wp-content\/uploads\/2505_2515-450x600.jpg 450w\" sizes=\"(max-width: 480px) 100vw, 480px\" \/><\/div><\/li><li  class='avia-slideshow-slide av-jnbmevkh-ab2d3265f5e9e58cf2d1fb7366e84e2f__1  slide-2 slide-even'><div data-rel='slideshow-2' class='avia-slide-wrap '   ><img decoding=\"async\" fetchpriority=\"high\" class=\"wp-image-1170 avia-img-lazy-loading-not-1170\"  src=\"https:\/\/hse-armaturen.de\/wp-content\/uploads\/2210.jpg\" width=\"480\" height=\"640\" title='2210' alt=''  itemprop=\"thumbnailUrl\" srcset=\"https:\/\/hse-armaturen.de\/wp-content\/uploads\/2210.jpg 480w, https:\/\/hse-armaturen.de\/wp-content\/uploads\/2210-450x600.jpg 450w\" sizes=\"(max-width: 480px) 100vw, 480px\" \/><\/div><\/li><li  class='avia-slideshow-slide av-jnbmevkh-ab2d3265f5e9e58cf2d1fb7366e84e2f__2  slide-3 slide-odd'><div data-rel='slideshow-2' class='avia-slide-wrap '   ><img decoding=\"async\" fetchpriority=\"high\" class=\"wp-image-1171 avia-img-lazy-loading-not-1171\"  src=\"https:\/\/hse-armaturen.de\/wp-content\/uploads\/2259.jpg\" width=\"480\" height=\"640\" title='2259' alt=''  itemprop=\"thumbnailUrl\" srcset=\"https:\/\/hse-armaturen.de\/wp-content\/uploads\/2259.jpg 480w, https:\/\/hse-armaturen.de\/wp-content\/uploads\/2259-450x600.jpg 450w\" sizes=\"(max-width: 480px) 100vw, 480px\" \/><\/div><\/li><\/ul><div class='avia-slideshow-arrows avia-slideshow-controls' ><a href='#prev' class='prev-slide  avia-svg-icon avia-font-svg_entypo-fontello' data-av_svg_icon='left-open-big' data-av_iconset='svg_entypo-fontello' tabindex='-1' title=\"Pr\u00e9c\u00e9dent\"><svg version=\"1.1\" xmlns=\"http:\/\/www.w3.org\/2000\/svg\" width=\"15\" height=\"32\" viewBox=\"0 0 15 32\" preserveAspectRatio=\"xMidYMid meet\" aria-labelledby='av-svg-title-1' aria-describedby='av-svg-desc-1' role=\"graphics-symbol\" aria-hidden=\"true\">\n<title id='av-svg-title-1'>Pr\u00e9c\u00e9dent<\/title>\n<desc id='av-svg-desc-1'>Pr\u00e9c\u00e9dent<\/desc>\n<path d=\"M14.464 27.84q0.832 0.832 0 1.536-0.832 0.832-1.536 0l-12.544-12.608q-0.768-0.768 0-1.6l12.544-12.608q0.704-0.832 1.536 0 0.832 0.704 0 1.536l-11.456 11.904z\"><\/path>\n<\/svg><span class='avia_hidden_link_text'>Pr\u00e9c\u00e9dent<\/span><\/a><a href='#next' class='next-slide  avia-svg-icon avia-font-svg_entypo-fontello' data-av_svg_icon='right-open-big' data-av_iconset='svg_entypo-fontello' tabindex='-1' title=\"Suivant\"><svg version=\"1.1\" xmlns=\"http:\/\/www.w3.org\/2000\/svg\" width=\"15\" height=\"32\" viewBox=\"0 0 15 32\" preserveAspectRatio=\"xMidYMid meet\" aria-labelledby='av-svg-title-2' aria-describedby='av-svg-desc-2' role=\"graphics-symbol\" aria-hidden=\"true\">\n<title id='av-svg-title-2'>Suivant<\/title>\n<desc id='av-svg-desc-2'>Suivant<\/desc>\n<path d=\"M0.416 27.84l11.456-11.84-11.456-11.904q-0.832-0.832 0-1.536 0.832-0.832 1.536 0l12.544 12.608q0.768 0.832 0 1.6l-12.544 12.608q-0.704 0.832-1.536 0-0.832-0.704 0-1.536z\"><\/path>\n<\/svg><span class='avia_hidden_link_text'>Suivant<\/span><\/a><\/div><\/div><\/div>\n","protected":false},"excerpt":{"rendered":"","protected":false},"author":2,"featured_media":0,"parent":0,"menu_order":0,"comment_status":"closed","ping_status":"closed","template":"","meta":{"footnotes":""},"class_list":["post-1187","page","type-page","status-publish","hentry"],"_links":{"self":[{"href":"https:\/\/hse-armaturen.de\/fr\/wp-json\/wp\/v2\/pages\/1187","targetHints":{"allow":["GET"]}}],"collection":[{"href":"https:\/\/hse-armaturen.de\/fr\/wp-json\/wp\/v2\/pages"}],"about":[{"href":"https:\/\/hse-armaturen.de\/fr\/wp-json\/wp\/v2\/types\/page"}],"author":[{"embeddable":true,"href":"https:\/\/hse-armaturen.de\/fr\/wp-json\/wp\/v2\/users\/2"}],"replies":[{"embeddable":true,"href":"https:\/\/hse-armaturen.de\/fr\/wp-json\/wp\/v2\/comments?post=1187"}],"version-history":[{"count":0,"href":"https:\/\/hse-armaturen.de\/fr\/wp-json\/wp\/v2\/pages\/1187\/revisions"}],"wp:attachment":[{"href":"https:\/\/hse-armaturen.de\/fr\/wp-json\/wp\/v2\/media?parent=1187"}],"curies":[{"name":"wp","href":"https:\/\/api.w.org\/{rel}","templated":true}]}}