{"id":1206,"date":"2018-10-16T14:01:33","date_gmt":"2018-10-16T12:01:33","guid":{"rendered":"https:\/\/hse-armaturen.de\/trinkwasser-kugelhaehne\/"},"modified":"2021-01-25T14:33:48","modified_gmt":"2021-01-25T13:33:48","slug":"trinkwasser-kugelhaehne","status":"publish","type":"page","link":"https:\/\/hse-armaturen.de\/fr\/trinkwasser-kugelhaehne\/","title":{"rendered":"Robinets \u00e0 bille Uniwater"},"content":{"rendered":"<div id='full_slider_1'  class='avia-fullwidth-slider main_color avia-shadow   avia-builder-el-0  el_before_av_section  avia-builder-el-first   container_wrap fullsize'  ><div  class='avia-slideshow av-b5m22e-9cce931e0f1fe41cfa85f17bd102a5c7 avia-slideshow-no scaling av_slideshow_full avia-fade-slider av-slideshow-ui av-control-hidden av-no-slider-navigation av-hide-nav-arrows av-slideshow-autoplay av-loop-endless av-loop-manual-endless av-default-height-applied   avia-slideshow-1' data-slideshow-options=\"{&quot;animation&quot;:&quot;fade&quot;,&quot;autoplay&quot;:true,&quot;loop_autoplay&quot;:&quot;endless&quot;,&quot;interval&quot;:5,&quot;loop_manual&quot;:&quot;manual-endless&quot;,&quot;autoplay_stopper&quot;:false,&quot;noNavigation&quot;:true,&quot;bg_slider&quot;:false,&quot;keep_padding&quot;:false,&quot;hoverpause&quot;:false,&quot;show_slide_delay&quot;:0}\"  itemprop=\"image\" itemscope=\"itemscope\" itemtype=\"https:\/\/schema.org\/ImageObject\" ><ul class='avia-slideshow-inner ' style='padding-bottom: 33.333333333333%;'><li  class='avia-slideshow-slide av-b5m22e-9cce931e0f1fe41cfa85f17bd102a5c7__0  av-single-slide slide-1 slide-odd'><div data-rel='slideshow-1' class='avia-slide-wrap '   ><img decoding=\"async\" fetchpriority=\"high\" class=\"wp-image-1140 avia-img-lazy-loading-not-1140\"  src=\"https:\/\/hse-armaturen.de\/wp-content\/uploads\/unternehmen-1.jpg\" width=\"1920\" height=\"640\" title='L&#039;entreprise' alt=''  itemprop=\"thumbnailUrl\" srcset=\"https:\/\/hse-armaturen.de\/wp-content\/uploads\/unternehmen-1.jpg 1920w, https:\/\/hse-armaturen.de\/wp-content\/uploads\/unternehmen-1-768x256.jpg 768w, https:\/\/hse-armaturen.de\/wp-content\/uploads\/unternehmen-1-1500x500.jpg 1500w, https:\/\/hse-armaturen.de\/wp-content\/uploads\/unternehmen-1-705x235.jpg 705w, https:\/\/hse-armaturen.de\/wp-content\/uploads\/unternehmen-1-450x150.jpg 450w\" sizes=\"(max-width: 1920px) 100vw, 1920px\" \/><\/div><\/li><\/ul><\/div><\/div>\n\n<style type=\"text\/css\" data-created_by=\"avia_inline_auto\" id=\"style-css-av-jt792-30a9c9ab82893d816b614aae443dd1a0\">\n.avia-section.av-jt792-30a9c9ab82893d816b614aae443dd1a0{\nbackground-color:#007456;\nbackground-image:unset;\n}\n<\/style>\n<div id='av_section_1'  class='avia-section av-jt792-30a9c9ab82893d816b614aae443dd1a0 main_color avia-section-large avia-no-border-styling  avia-builder-el-1  el_after_av_slideshow_full  el_before_av_two_third  avia-bg-style-scroll container_wrap fullsize'  ><div class='container av-section-cont-open' ><div class='template-page content  av-content-full alpha units'><div class='post-entry post-entry-type-page post-entry-1206'><div class='entry-content-wrapper clearfix'>\n\n<style type=\"text\/css\" data-created_by=\"avia_inline_auto\" id=\"style-css-av-62gm-024b5cd686f4855ef5d04cd654d9ea7e\">\n.flex_column.av-62gm-024b5cd686f4855ef5d04cd654d9ea7e{\nborder-radius:0px 0px 0px 0px;\npadding:0px 0px 0px 0px;\n}\n<\/style>\n<div  class='flex_column av-62gm-024b5cd686f4855ef5d04cd654d9ea7e av_one_full  avia-builder-el-2  avia-builder-el-no-sibling  first flex_column_div av-zero-column-padding  '     ><style type=\"text\/css\" data-created_by=\"avia_inline_auto\" id=\"style-css-av-jnbr22ax-b83729aabcc5b929a57b193067baa3db\">\n#top .av-special-heading.av-jnbr22ax-b83729aabcc5b929a57b193067baa3db{\npadding-bottom:0;\ncolor:#ffffff;\nfont-size:36px;\n}\nbody .av-special-heading.av-jnbr22ax-b83729aabcc5b929a57b193067baa3db .av-special-heading-tag .heading-char{\nfont-size:25px;\n}\n#top #wrap_all .av-special-heading.av-jnbr22ax-b83729aabcc5b929a57b193067baa3db .av-special-heading-tag{\nfont-size:36px;\n}\n.av-special-heading.av-jnbr22ax-b83729aabcc5b929a57b193067baa3db .special-heading-inner-border{\nborder-color:#ffffff;\n}\n.av-special-heading.av-jnbr22ax-b83729aabcc5b929a57b193067baa3db .av-subheading{\nfont-size:15px;\n}\n\n@media only screen and (min-width: 480px) and (max-width: 767px){ \n#top #wrap_all .av-special-heading.av-jnbr22ax-b83729aabcc5b929a57b193067baa3db .av-special-heading-tag{\nfont-size:0.8em;\n}\n}\n\n@media only screen and (max-width: 479px){ \n#top #wrap_all .av-special-heading.av-jnbr22ax-b83729aabcc5b929a57b193067baa3db .av-special-heading-tag{\nfont-size:0.8em;\n}\n}\n<\/style>\n<div  class='av-special-heading av-jnbr22ax-b83729aabcc5b929a57b193067baa3db av-special-heading-h1 custom-color-heading blockquote modern-quote  avia-builder-el-3  avia-builder-el-no-sibling  av-inherit-size'><h1 class='av-special-heading-tag '  itemprop=\"headline\"  >Robinets \u00e0 bille Uniwater<\/h1><div class=\"special-heading-border\"><div class=\"special-heading-inner-border\"><\/div><\/div><\/div><\/div>\n<\/div><\/div><\/div><!-- close content main div --><\/div><\/div><div id='after_section_1'  class='main_color av_default_container_wrap container_wrap fullsize'  ><div class='container av-section-cont-open' ><div class='template-page content  av-content-full alpha units'><div class='post-entry post-entry-type-page post-entry-1206'><div class='entry-content-wrapper clearfix'>\n\n<style type=\"text\/css\" data-created_by=\"avia_inline_auto\" id=\"style-css-av-wc0t1-6273497dc0fe061833b1db8c2dce1d70\">\n.flex_column.av-wc0t1-6273497dc0fe061833b1db8c2dce1d70{\nborder-radius:0px 0px 0px 0px;\npadding:0px 0px 0px 0px;\n}\n<\/style>\n<div  class='flex_column av-wc0t1-6273497dc0fe061833b1db8c2dce1d70 av_two_third  avia-builder-el-4  el_after_av_section  el_before_av_one_third  avia-builder-el-first  first flex_column_div av-zero-column-padding  '     ><section  class='av_textblock_section av-jnbmb36f-bfd23ccfeb7c8ee2239bd6ac988b54d1 '   itemscope=\"itemscope\" itemtype=\"https:\/\/schema.org\/CreativeWork\" ><div class='avia_textblock'  itemprop=\"text\" ><h4>Robinets \u00e0 bille HSE\u00ae Uniwater conformes aux exigences de la norme DIN-EN13828.<\/h4>\n<p>Les robinets \u00e0 bille HSE\u00ae Uniwater de dimensions 3\/8\u2033-2\u2033 sont certifi\u00e9s DVGW sous le num\u00e9ro d&#8217;enregistrement NW-6102AT2438 et ont la classe de bruit I, P-iX 18536\/I. Le montage optimis\u00e9 de l&#8217;espace mort garantit qu&#8217;aucune formation de l\u00e9gionelles n&#8217;est possible. Les dimensions DIN face \u00e0 face permettent un remplacement facile par des valves DIN \u00e0 \u00e9coulement libre. Le mat\u00e9riau utilis\u00e9, CW 617 N, est \u00e9galement autoris\u00e9 pour une utilisation dans les syst\u00e8mes d&#8217;eau de service apr\u00e8s le 11\/2013.<\/p>\n<h4>Robinets \u00e0 boisseau sph\u00e9rique\u00a0 syst\u00e8me HSE\u00ae Uniwater<\/h4>\n<p>Les robinets \u00e0 boisseau sph\u00e9rique du syst\u00e8me HSE\u00ae Uniwater avec filetage ext\u00e9rieur des deux c\u00f4t\u00e9s permettent de respecter les r\u00e8gles d&#8217;installation de la fiche de travail W 570 de la DVGW. Les robinets \u00e0 bille peuvent \u00eatre raccord\u00e9s \u00e0 tous les raccords \u00e0 demi-vis des raccords \u00e0 sertir disponibles dans le commerce et peuvent donc \u00eatre remplac\u00e9s sans changer le trac\u00e9 de la tuyauterie.<\/p>\n<p>Si la version avec vidange est utilis\u00e9e, il n&#8217;est pas n\u00e9cessaire de cr\u00e9er un raccord suppl\u00e9mentaire pour une vanne KFE afin de vidanger le syst\u00e8me.<\/p>\n<p>Tous les robinets \u00e0 boisseau sph\u00e9rique sont disponibles en 3 variantes de poign\u00e9es diff\u00e9rentes et \u00e9galement complets avec le raccord \u00e0 vis Viega-Profipress\u00ae.<\/p>\n<\/div><\/section><br \/>\n\n<style type=\"text\/css\" data-created_by=\"avia_inline_auto\" id=\"style-css-av-jnbmha5l-eb261d886e630ad3ad26898582e9085e\">\n.iconbox.av-jnbmha5l-eb261d886e630ad3ad26898582e9085e .iconbox_icon{\ncolor:#007456;\n}\n.iconbox.av-jnbmha5l-eb261d886e630ad3ad26898582e9085e .iconbox_icon.avia-svg-icon svg:first-child{\nfill:#007456;\nstroke:#007456;\n}\n<\/style>\n<article  class='iconbox iconbox_left av-jnbmha5l-eb261d886e630ad3ad26898582e9085e  avia-builder-el-6  el_after_av_textblock  el_before_av_icon_box '  itemscope=\"itemscope\" itemtype=\"https:\/\/schema.org\/CreativeWork\" ><div class=\"iconbox_content\"><header class=\"entry-content-header\" aria-label=\"Ic\u00f4ne : Aper\u00e7u des mod\u00e8les HSE\u00ae Robinets \u00e0 bille Uniwater\"><div class='iconbox_icon heading-color avia-iconfont avia-font-entypo-fontello' data-av_icon='\ue82d' data-av_iconfont='entypo-fontello' title=\"Aper\u00e7u des mod\u00e8les HSE\u00ae Robinets \u00e0 bille Uniwater\" desc=\"Aper\u00e7u des mod\u00e8les HSE\u00ae Robinets \u00e0 bille Uniwater\" ><\/div><h3 class='iconbox_content_title '  itemprop=\"headline\" ><a href='https:\/\/hse-armaturen.de\/wp-content\/uploads\/HSE_Uniwater.pdf' title='Aper\u00e7u des mod\u00e8les HSE\u00ae Robinets \u00e0 bille Uniwater'  >Aper\u00e7u des mod\u00e8les HSE\u00ae Robinets \u00e0 bille Uniwater<\/a><\/h3><\/header><div class='iconbox_content_container '  itemprop=\"text\" ><\/div><\/div><footer class=\"entry-footer\"><\/footer><\/article><br \/>\n\n<style type=\"text\/css\" data-created_by=\"avia_inline_auto\" id=\"style-css-av-jnbmha5l-bd47f72aa92c92aa6069627ee34215e2\">\n.iconbox.av-jnbmha5l-bd47f72aa92c92aa6069627ee34215e2 .iconbox_icon{\ncolor:#007456;\n}\n.iconbox.av-jnbmha5l-bd47f72aa92c92aa6069627ee34215e2 .iconbox_icon.avia-svg-icon svg:first-child{\nfill:#007456;\nstroke:#007456;\n}\n<\/style>\n<article  class='iconbox iconbox_left av-jnbmha5l-bd47f72aa92c92aa6069627ee34215e2  avia-builder-el-7  el_after_av_icon_box  el_before_av_icon_box '  itemscope=\"itemscope\" itemtype=\"https:\/\/schema.org\/CreativeWork\" ><div class=\"iconbox_content\"><header class=\"entry-content-header\" aria-label=\"Ic\u00f4ne : Robinet \u00e0 bille DIN-EN Uniwater 1449\"><div class='iconbox_icon heading-color avia-iconfont avia-font-entypo-fontello' data-av_icon='\ue82d' data-av_iconfont='entypo-fontello' title=\"Robinet \u00e0 bille DIN-EN Uniwater 1449\" desc=\"Robinet \u00e0 bille DIN-EN Uniwater 1449\" ><\/div><h3 class='iconbox_content_title '  itemprop=\"headline\" ><a href='https:\/\/hse-armaturen.de\/wp-content\/uploads\/1449.pdf' title='Robinet \u00e0 bille DIN-EN Uniwater 1449'  >Robinet \u00e0 bille DIN-EN Uniwater 1449<\/a><\/h3><\/header><div class='iconbox_content_container '  itemprop=\"text\" ><\/div><\/div><footer class=\"entry-footer\"><\/footer><\/article><br \/>\n\n<style type=\"text\/css\" data-created_by=\"avia_inline_auto\" id=\"style-css-av-jnbmha5l-446250b529e5e4d07c0239b0475e776d\">\n.iconbox.av-jnbmha5l-446250b529e5e4d07c0239b0475e776d .iconbox_icon{\ncolor:#007456;\n}\n.iconbox.av-jnbmha5l-446250b529e5e4d07c0239b0475e776d .iconbox_icon.avia-svg-icon svg:first-child{\nfill:#007456;\nstroke:#007456;\n}\n<\/style>\n<article  class='iconbox iconbox_left av-jnbmha5l-446250b529e5e4d07c0239b0475e776d  avia-builder-el-8  el_after_av_icon_box  avia-builder-el-last '  itemscope=\"itemscope\" itemtype=\"https:\/\/schema.org\/CreativeWork\" ><div class=\"iconbox_content\"><header class=\"entry-content-header\" aria-label=\"Ic\u00f4ne : Syst\u00e8me de vanne \u00e0 bille Uniwater 1442\"><div class='iconbox_icon heading-color avia-iconfont avia-font-entypo-fontello' data-av_icon='\ue82d' data-av_iconfont='entypo-fontello' title=\"Syst\u00e8me de vanne \u00e0 bille Uniwater 1442\" desc=\"Syst\u00e8me de vanne \u00e0 bille Uniwater 1442\" ><\/div><h3 class='iconbox_content_title '  itemprop=\"headline\" ><a href='https:\/\/hse-armaturen.de\/wp-content\/uploads\/1442.pdf' title='Syst\u00e8me de vanne \u00e0 bille Uniwater 1442'  >Syst\u00e8me de vanne \u00e0 bille Uniwater 1442<\/a><\/h3><\/header><div class='iconbox_content_container '  itemprop=\"text\" ><\/div><\/div><footer class=\"entry-footer\"><\/footer><\/article><\/p><\/div>\n\n<style type=\"text\/css\" data-created_by=\"avia_inline_auto\" id=\"style-css-av-onw7x-862f27db8a3f48b1d74ebad8e9a4332b\">\n.flex_column.av-onw7x-862f27db8a3f48b1d74ebad8e9a4332b{\nborder-radius:0px 0px 0px 0px;\npadding:0px 0px 0px 0px;\n}\n<\/style>\n<div  class='flex_column av-onw7x-862f27db8a3f48b1d74ebad8e9a4332b av_one_third  avia-builder-el-9  el_after_av_two_third  avia-builder-el-last  flex_column_div av-zero-column-padding  '     ><\/div>\n","protected":false},"excerpt":{"rendered":"","protected":false},"author":2,"featured_media":0,"parent":0,"menu_order":0,"comment_status":"closed","ping_status":"closed","template":"","meta":{"footnotes":""},"class_list":["post-1206","page","type-page","status-publish","hentry"],"_links":{"self":[{"href":"https:\/\/hse-armaturen.de\/fr\/wp-json\/wp\/v2\/pages\/1206","targetHints":{"allow":["GET"]}}],"collection":[{"href":"https:\/\/hse-armaturen.de\/fr\/wp-json\/wp\/v2\/pages"}],"about":[{"href":"https:\/\/hse-armaturen.de\/fr\/wp-json\/wp\/v2\/types\/page"}],"author":[{"embeddable":true,"href":"https:\/\/hse-armaturen.de\/fr\/wp-json\/wp\/v2\/users\/2"}],"replies":[{"embeddable":true,"href":"https:\/\/hse-armaturen.de\/fr\/wp-json\/wp\/v2\/comments?post=1206"}],"version-history":[{"count":0,"href":"https:\/\/hse-armaturen.de\/fr\/wp-json\/wp\/v2\/pages\/1206\/revisions"}],"wp:attachment":[{"href":"https:\/\/hse-armaturen.de\/fr\/wp-json\/wp\/v2\/media?parent=1206"}],"curies":[{"name":"wp","href":"https:\/\/api.w.org\/{rel}","templated":true}]}}