{"id":1232,"date":"2018-10-16T14:16:08","date_gmt":"2018-10-16T12:16:08","guid":{"rendered":"https:\/\/hse-armaturen.de\/heizungs-und-gas-kugelhaehne\/"},"modified":"2021-01-26T12:30:32","modified_gmt":"2021-01-26T11:30:32","slug":"heizungs-und-gas-kugelhaehne","status":"publish","type":"page","link":"https:\/\/hse-armaturen.de\/fr\/heizungs-und-gas-kugelhaehne\/","title":{"rendered":"Chauffage et robinets \u00e0 boule de gaz"},"content":{"rendered":"<div id='full_slider_1'  class='avia-fullwidth-slider main_color avia-shadow   avia-builder-el-0  el_before_av_section  avia-builder-el-first   container_wrap fullsize'  ><div  class='avia-slideshow av-b5m22e-9cce931e0f1fe41cfa85f17bd102a5c7 avia-slideshow-no scaling av_slideshow_full avia-fade-slider av-slideshow-ui av-control-hidden av-no-slider-navigation av-hide-nav-arrows av-slideshow-autoplay av-loop-endless av-loop-manual-endless av-default-height-applied   avia-slideshow-1' data-slideshow-options=\"{&quot;animation&quot;:&quot;fade&quot;,&quot;autoplay&quot;:true,&quot;loop_autoplay&quot;:&quot;endless&quot;,&quot;interval&quot;:5,&quot;loop_manual&quot;:&quot;manual-endless&quot;,&quot;autoplay_stopper&quot;:false,&quot;noNavigation&quot;:true,&quot;bg_slider&quot;:false,&quot;keep_padding&quot;:false,&quot;hoverpause&quot;:false,&quot;show_slide_delay&quot;:0}\"  itemprop=\"image\" itemscope=\"itemscope\" itemtype=\"https:\/\/schema.org\/ImageObject\" ><ul class='avia-slideshow-inner ' style='padding-bottom: 33.333333333333%;'><li  class='avia-slideshow-slide av-b5m22e-9cce931e0f1fe41cfa85f17bd102a5c7__0  av-single-slide slide-1 slide-odd'><div data-rel='slideshow-1' class='avia-slide-wrap '   ><img decoding=\"async\" fetchpriority=\"high\" class=\"wp-image-1269 avia-img-lazy-loading-not-1269\"  src=\"https:\/\/hse-armaturen.de\/wp-content\/uploads\/kontakt.jpg\" width=\"1920\" height=\"640\" title='Contactez' alt=''  itemprop=\"thumbnailUrl\" srcset=\"https:\/\/hse-armaturen.de\/wp-content\/uploads\/kontakt.jpg 1920w, https:\/\/hse-armaturen.de\/wp-content\/uploads\/kontakt-768x256.jpg 768w, https:\/\/hse-armaturen.de\/wp-content\/uploads\/kontakt-1500x500.jpg 1500w, https:\/\/hse-armaturen.de\/wp-content\/uploads\/kontakt-705x235.jpg 705w, https:\/\/hse-armaturen.de\/wp-content\/uploads\/kontakt-450x150.jpg 450w\" sizes=\"(max-width: 1920px) 100vw, 1920px\" \/><\/div><\/li><\/ul><\/div><\/div>\n\n<style type=\"text\/css\" data-created_by=\"avia_inline_auto\" id=\"style-css-av-jt792-30a9c9ab82893d816b614aae443dd1a0\">\n.avia-section.av-jt792-30a9c9ab82893d816b614aae443dd1a0{\nbackground-color:#007456;\nbackground-image:unset;\n}\n<\/style>\n<div id='av_section_1'  class='avia-section av-jt792-30a9c9ab82893d816b614aae443dd1a0 main_color avia-section-large avia-no-border-styling  avia-builder-el-1  el_after_av_slideshow_full  el_before_av_two_third  avia-bg-style-scroll container_wrap fullsize'  ><div class='container av-section-cont-open' ><div class='template-page content  av-content-full alpha units'><div class='post-entry post-entry-type-page post-entry-1232'><div class='entry-content-wrapper clearfix'>\n\n<style type=\"text\/css\" data-created_by=\"avia_inline_auto\" id=\"style-css-av-62gm-024b5cd686f4855ef5d04cd654d9ea7e\">\n.flex_column.av-62gm-024b5cd686f4855ef5d04cd654d9ea7e{\nborder-radius:0px 0px 0px 0px;\npadding:0px 0px 0px 0px;\n}\n<\/style>\n<div  class='flex_column av-62gm-024b5cd686f4855ef5d04cd654d9ea7e av_one_full  avia-builder-el-2  avia-builder-el-no-sibling  first flex_column_div av-zero-column-padding  '     ><style type=\"text\/css\" data-created_by=\"avia_inline_auto\" id=\"style-css-av-jnbr0acr-30145fd75624a9d1d57c1b8d6e31e237\">\n#top .av-special-heading.av-jnbr0acr-30145fd75624a9d1d57c1b8d6e31e237{\npadding-bottom:0;\ncolor:#ffffff;\nfont-size:36px;\n}\nbody .av-special-heading.av-jnbr0acr-30145fd75624a9d1d57c1b8d6e31e237 .av-special-heading-tag .heading-char{\nfont-size:25px;\n}\n#top #wrap_all .av-special-heading.av-jnbr0acr-30145fd75624a9d1d57c1b8d6e31e237 .av-special-heading-tag{\nfont-size:36px;\n}\n.av-special-heading.av-jnbr0acr-30145fd75624a9d1d57c1b8d6e31e237 .special-heading-inner-border{\nborder-color:#ffffff;\n}\n.av-special-heading.av-jnbr0acr-30145fd75624a9d1d57c1b8d6e31e237 .av-subheading{\nfont-size:15px;\n}\n\n@media only screen and (min-width: 480px) and (max-width: 767px){ \n#top #wrap_all .av-special-heading.av-jnbr0acr-30145fd75624a9d1d57c1b8d6e31e237 .av-special-heading-tag{\nfont-size:0.8em;\n}\n}\n\n@media only screen and (max-width: 479px){ \n#top #wrap_all .av-special-heading.av-jnbr0acr-30145fd75624a9d1d57c1b8d6e31e237 .av-special-heading-tag{\nfont-size:0.8em;\n}\n}\n<\/style>\n<div  class='av-special-heading av-jnbr0acr-30145fd75624a9d1d57c1b8d6e31e237 av-special-heading-h1 custom-color-heading blockquote modern-quote  avia-builder-el-3  avia-builder-el-no-sibling  av-inherit-size'><h1 class='av-special-heading-tag '  itemprop=\"headline\"  >Robinets \u00e0 boule <\/h1><div class=\"special-heading-border\"><div class=\"special-heading-inner-border\"><\/div><\/div><\/div><\/div>\n<\/div><\/div><\/div><!-- close content main div --><\/div><\/div><div id='after_section_1'  class='main_color av_default_container_wrap container_wrap fullsize'  ><div class='container av-section-cont-open' ><div class='template-page content  av-content-full alpha units'><div class='post-entry post-entry-type-page post-entry-1232'><div class='entry-content-wrapper clearfix'>\n\n<style type=\"text\/css\" data-created_by=\"avia_inline_auto\" id=\"style-css-av-wc0t1-6273497dc0fe061833b1db8c2dce1d70\">\n.flex_column.av-wc0t1-6273497dc0fe061833b1db8c2dce1d70{\nborder-radius:0px 0px 0px 0px;\npadding:0px 0px 0px 0px;\n}\n<\/style>\n<div  class='flex_column av-wc0t1-6273497dc0fe061833b1db8c2dce1d70 av_two_third  avia-builder-el-4  el_after_av_section  el_before_av_one_third  avia-builder-el-first  first flex_column_div av-zero-column-padding  '     ><p><section  class='av_textblock_section av-jnbmb36f-bfd23ccfeb7c8ee2239bd6ac988b54d1 '   itemscope=\"itemscope\" itemtype=\"https:\/\/schema.org\/CreativeWork\" ><div class='avia_textblock'  itemprop=\"text\" ><p>Les robinets \u00e0 boisseau sph\u00e9rique HSE<small><sup>\u00ae<\/sup><\/small> en MS 58 sont disponibles dans diff\u00e9rentes pressions nominales et variantes de poign\u00e9es et conviennent \u00e0 une large gamme d&#8217;applications dans les syst\u00e8mes de chauffage et industriels. Nous proposons des robinets \u00e0 boisseau sph\u00e9rique avec filetage, avec raccords \u00e0 vis, avec raccord \u00e0 souder et avec raccord \u00e0 sertir. Les robinets \u00e0 boule ont un joint en PTFE sur la boule et sur la tige avec un presse-\u00e9toupe r\u00e9tractable et sont donc absolument \u00e9tanches sur une longue p\u00e9riode d&#8217;utilisation.<br \/>\nLes robinets \u00e0 boisseau sph\u00e9rique  gaz selon la norme DIN-EN 331 sont en laiton CW 617 N et ont la pression nominale MOP 5.<\/p>\n<\/div><\/section><br \/>\n\n<style type=\"text\/css\" data-created_by=\"avia_inline_auto\" id=\"style-css-av-jnbmha5l-0d9c8530e69aa6eb5bf146bebecfa01f\">\n.iconbox.av-jnbmha5l-0d9c8530e69aa6eb5bf146bebecfa01f .iconbox_icon{\ncolor:#007456;\n}\n.iconbox.av-jnbmha5l-0d9c8530e69aa6eb5bf146bebecfa01f .iconbox_icon.avia-svg-icon svg:first-child{\nfill:#007456;\nstroke:#007456;\n}\n<\/style>\n<article  class='iconbox iconbox_left av-jnbmha5l-0d9c8530e69aa6eb5bf146bebecfa01f  avia-builder-el-6  el_after_av_textblock  el_before_av_icon_box '  itemscope=\"itemscope\" itemtype=\"https:\/\/schema.org\/CreativeWork\" ><div class=\"iconbox_content\"><header class=\"entry-content-header\" aria-label=\"Ic\u00f4ne : Aper\u00e7u des mod\u00e8les Chauffage et robinets \u00e0 boule de gaz\"><div class='iconbox_icon heading-color avia-iconfont avia-font-entypo-fontello' data-av_icon='\ue82d' data-av_iconfont='entypo-fontello' title=\"Aper\u00e7u des mod\u00e8les Chauffage et robinets \u00e0 boule de gaz\" desc=\"Aper\u00e7u des mod\u00e8les Chauffage et robinets \u00e0 boule de gaz\" ><\/div><h3 class='iconbox_content_title '  itemprop=\"headline\" ><a href='https:\/\/hse-armaturen.de\/wp-content\/uploads\/HSE_Gas_Heizungskugelhaehne.pdf' title='Aper\u00e7u des mod\u00e8les Chauffage et robinets \u00e0 boule de gaz'  >Aper\u00e7u des mod\u00e8les Chauffage et robinets \u00e0 boule de gaz<\/a><\/h3><\/header><div class='iconbox_content_container '  itemprop=\"text\" ><\/div><\/div><footer class=\"entry-footer\"><\/footer><\/article><br \/>\n\n<style type=\"text\/css\" data-created_by=\"avia_inline_auto\" id=\"style-css-av-jnbmha5l-a21e9e037bbe246f90bd3cc10ecd7f32\">\n.iconbox.av-jnbmha5l-a21e9e037bbe246f90bd3cc10ecd7f32 .iconbox_icon{\ncolor:#007456;\n}\n.iconbox.av-jnbmha5l-a21e9e037bbe246f90bd3cc10ecd7f32 .iconbox_icon.avia-svg-icon svg:first-child{\nfill:#007456;\nstroke:#007456;\n}\n<\/style>\n<article  class='iconbox iconbox_left av-jnbmha5l-a21e9e037bbe246f90bd3cc10ecd7f32  avia-builder-el-7  el_after_av_icon_box  el_before_av_icon_box '  itemscope=\"itemscope\" itemtype=\"https:\/\/schema.org\/CreativeWork\" ><div class=\"iconbox_content\"><header class=\"entry-content-header\" aria-label=\"Ic\u00f4ne : Fiche technique 1440\"><div class='iconbox_icon heading-color avia-iconfont avia-font-entypo-fontello' data-av_icon='\ue82d' data-av_iconfont='entypo-fontello' title=\"Fiche technique 1440\" desc=\"Fiche technique 1440\" ><\/div><h3 class='iconbox_content_title '  itemprop=\"headline\" ><a href='https:\/\/hse-armaturen.de\/wp-content\/uploads\/1440.pdf' title='Fiche technique 1440'  >Fiche technique 1440<\/a><\/h3><\/header><div class='iconbox_content_container '  itemprop=\"text\" ><\/div><\/div><footer class=\"entry-footer\"><\/footer><\/article><br \/>\n\n<style type=\"text\/css\" data-created_by=\"avia_inline_auto\" id=\"style-css-av-jnbmha5l-5313ca638c2515afcc5e439b538775d9\">\n.iconbox.av-jnbmha5l-5313ca638c2515afcc5e439b538775d9 .iconbox_icon{\ncolor:#007456;\n}\n.iconbox.av-jnbmha5l-5313ca638c2515afcc5e439b538775d9 .iconbox_icon.avia-svg-icon svg:first-child{\nfill:#007456;\nstroke:#007456;\n}\n<\/style>\n<article  class='iconbox iconbox_left av-jnbmha5l-5313ca638c2515afcc5e439b538775d9  avia-builder-el-8  el_after_av_icon_box  el_before_av_icon_box '  itemscope=\"itemscope\" itemtype=\"https:\/\/schema.org\/CreativeWork\" ><div class=\"iconbox_content\"><header class=\"entry-content-header\" aria-label=\"Ic\u00f4ne : Fiche technique 1403\"><div class='iconbox_icon heading-color avia-iconfont avia-font-entypo-fontello' data-av_icon='\ue82d' data-av_iconfont='entypo-fontello' title=\"Fiche technique 1403\" desc=\"Fiche technique 1403\" ><\/div><h3 class='iconbox_content_title '  itemprop=\"headline\" ><a href='https:\/\/hse-armaturen.de\/wp-content\/uploads\/1403.pdf' title='Fiche technique 1403'  >Fiche technique 1403<\/a><\/h3><\/header><div class='iconbox_content_container '  itemprop=\"text\" ><\/div><\/div><footer class=\"entry-footer\"><\/footer><\/article><br \/>\n\n<style type=\"text\/css\" data-created_by=\"avia_inline_auto\" id=\"style-css-av-jnbmha5l-459083ec14641c169da60f46d059cc5f\">\n.iconbox.av-jnbmha5l-459083ec14641c169da60f46d059cc5f .iconbox_icon{\ncolor:#007456;\n}\n.iconbox.av-jnbmha5l-459083ec14641c169da60f46d059cc5f .iconbox_icon.avia-svg-icon svg:first-child{\nfill:#007456;\nstroke:#007456;\n}\n<\/style>\n<article  class='iconbox iconbox_left av-jnbmha5l-459083ec14641c169da60f46d059cc5f  avia-builder-el-9  el_after_av_icon_box  el_before_av_icon_box '  itemscope=\"itemscope\" itemtype=\"https:\/\/schema.org\/CreativeWork\" ><div class=\"iconbox_content\"><header class=\"entry-content-header\" aria-label=\"Ic\u00f4ne : Fiche technique 1450\"><div class='iconbox_icon heading-color avia-iconfont avia-font-entypo-fontello' data-av_icon='\ue82d' data-av_iconfont='entypo-fontello' title=\"Fiche technique 1450\" desc=\"Fiche technique 1450\" ><\/div><h3 class='iconbox_content_title '  itemprop=\"headline\" ><a href='https:\/\/hse-armaturen.de\/wp-content\/uploads\/1450.pdf' title='Fiche technique 1450'  >Fiche technique 1450<\/a><\/h3><\/header><div class='iconbox_content_container '  itemprop=\"text\" ><\/div><\/div><footer class=\"entry-footer\"><\/footer><\/article><br \/>\n\n<style type=\"text\/css\" data-created_by=\"avia_inline_auto\" id=\"style-css-av-jnbmha5l-fc436e612ca6689cd283b1ce7ab467ec\">\n.iconbox.av-jnbmha5l-fc436e612ca6689cd283b1ce7ab467ec .iconbox_icon{\ncolor:#007456;\n}\n.iconbox.av-jnbmha5l-fc436e612ca6689cd283b1ce7ab467ec .iconbox_icon.avia-svg-icon svg:first-child{\nfill:#007456;\nstroke:#007456;\n}\n<\/style>\n<article  class='iconbox iconbox_left av-jnbmha5l-fc436e612ca6689cd283b1ce7ab467ec  avia-builder-el-10  el_after_av_icon_box  el_before_av_icon_box '  itemscope=\"itemscope\" itemtype=\"https:\/\/schema.org\/CreativeWork\" ><div class=\"iconbox_content\"><header class=\"entry-content-header\" aria-label=\"Ic\u00f4ne : Fiche technique 1455\/1485\"><div class='iconbox_icon heading-color avia-iconfont avia-font-entypo-fontello' data-av_icon='\ue82d' data-av_iconfont='entypo-fontello' title=\"Fiche technique 1455\/1485\" desc=\"Fiche technique 1455\/1485\" ><\/div><h3 class='iconbox_content_title '  itemprop=\"headline\" ><a href='https:\/\/hse-armaturen.de\/wp-content\/uploads\/14551485.pdf' title='Fiche technique 1455\/1485'  >Fiche technique 1455\/1485<\/a><\/h3><\/header><div class='iconbox_content_container '  itemprop=\"text\" ><\/div><\/div><footer class=\"entry-footer\"><\/footer><\/article><br \/>\n\n<style type=\"text\/css\" data-created_by=\"avia_inline_auto\" id=\"style-css-av-jnbmha5l-7d567f777092590c9b31d508d0a2a069\">\n.iconbox.av-jnbmha5l-7d567f777092590c9b31d508d0a2a069 .iconbox_icon{\ncolor:#007456;\n}\n.iconbox.av-jnbmha5l-7d567f777092590c9b31d508d0a2a069 .iconbox_icon.avia-svg-icon svg:first-child{\nfill:#007456;\nstroke:#007456;\n}\n<\/style>\n<article  class='iconbox iconbox_left av-jnbmha5l-7d567f777092590c9b31d508d0a2a069  avia-builder-el-11  el_after_av_icon_box  el_before_av_icon_box '  itemscope=\"itemscope\" itemtype=\"https:\/\/schema.org\/CreativeWork\" ><div class=\"iconbox_content\"><header class=\"entry-content-header\" aria-label=\"Ic\u00f4ne : Fiche technique 1457\/1467\"><div class='iconbox_icon heading-color avia-iconfont avia-font-entypo-fontello' data-av_icon='\ue82d' data-av_iconfont='entypo-fontello' title=\"Fiche technique 1457\/1467\" desc=\"Fiche technique 1457\/1467\" ><\/div><h3 class='iconbox_content_title '  itemprop=\"headline\" ><a href='https:\/\/hse-armaturen.de\/wp-content\/uploads\/14571467.pdf' title='Fiche technique 1457\/1467'  >Fiche technique 1457\/1467<\/a><\/h3><\/header><div class='iconbox_content_container '  itemprop=\"text\" ><\/div><\/div><footer class=\"entry-footer\"><\/footer><\/article><br \/>\n\n<style type=\"text\/css\" data-created_by=\"avia_inline_auto\" id=\"style-css-av-jnbmha5l-8e85ee55944ab47d23d75c6d67b40b3b\">\n.iconbox.av-jnbmha5l-8e85ee55944ab47d23d75c6d67b40b3b .iconbox_icon{\ncolor:#007456;\n}\n.iconbox.av-jnbmha5l-8e85ee55944ab47d23d75c6d67b40b3b .iconbox_icon.avia-svg-icon svg:first-child{\nfill:#007456;\nstroke:#007456;\n}\n<\/style>\n<article  class='iconbox iconbox_left av-jnbmha5l-8e85ee55944ab47d23d75c6d67b40b3b  avia-builder-el-12  el_after_av_icon_box  el_before_av_icon_box '  itemscope=\"itemscope\" itemtype=\"https:\/\/schema.org\/CreativeWork\" ><div class=\"iconbox_content\"><header class=\"entry-content-header\" aria-label=\"Ic\u00f4ne : Fiche technique 1452\/1454\/1459\"><div class='iconbox_icon heading-color avia-iconfont avia-font-entypo-fontello' data-av_icon='\ue82d' data-av_iconfont='entypo-fontello' title=\"Fiche technique 1452\/1454\/1459\" desc=\"Fiche technique 1452\/1454\/1459\" ><\/div><h3 class='iconbox_content_title '  itemprop=\"headline\" ><a href='https:\/\/hse-armaturen.de\/wp-content\/uploads\/145214541459.pdf' title='Fiche technique 1452\/1454\/1459'  >Fiche technique 1452\/1454\/1459<\/a><\/h3><\/header><div class='iconbox_content_container '  itemprop=\"text\" ><\/div><\/div><footer class=\"entry-footer\"><\/footer><\/article><br \/>\n\n<style type=\"text\/css\" data-created_by=\"avia_inline_auto\" id=\"style-css-av-jnbmha5l-884546b0d90e0a8afbdcebcafcbb1893\">\n.iconbox.av-jnbmha5l-884546b0d90e0a8afbdcebcafcbb1893 .iconbox_icon{\ncolor:#007456;\n}\n.iconbox.av-jnbmha5l-884546b0d90e0a8afbdcebcafcbb1893 .iconbox_icon.avia-svg-icon svg:first-child{\nfill:#007456;\nstroke:#007456;\n}\n<\/style>\n<article  class='iconbox iconbox_left av-jnbmha5l-884546b0d90e0a8afbdcebcafcbb1893  avia-builder-el-13  el_after_av_icon_box  el_before_av_icon_box '  itemscope=\"itemscope\" itemtype=\"https:\/\/schema.org\/CreativeWork\" ><div class=\"iconbox_content\"><header class=\"entry-content-header\" aria-label=\"Ic\u00f4ne : Fiche technique 1472\/1473\"><div class='iconbox_icon heading-color avia-iconfont avia-font-entypo-fontello' data-av_icon='\ue82d' data-av_iconfont='entypo-fontello' title=\"Fiche technique 1472\/1473\" desc=\"Fiche technique 1472\/1473\" ><\/div><h3 class='iconbox_content_title '  itemprop=\"headline\" ><a href='https:\/\/hse-armaturen.de\/wp-content\/uploads\/14721473.pdf' title='Fiche technique 1472\/1473'  >Fiche technique 1472\/1473<\/a><\/h3><\/header><div class='iconbox_content_container '  itemprop=\"text\" ><\/div><\/div><footer class=\"entry-footer\"><\/footer><\/article><br \/>\n\n<style type=\"text\/css\" data-created_by=\"avia_inline_auto\" id=\"style-css-av-jnbmha5l-ce3b7934183c07581e9c6d55967cdbe0\">\n.iconbox.av-jnbmha5l-ce3b7934183c07581e9c6d55967cdbe0 .iconbox_icon{\ncolor:#007456;\n}\n.iconbox.av-jnbmha5l-ce3b7934183c07581e9c6d55967cdbe0 .iconbox_icon.avia-svg-icon svg:first-child{\nfill:#007456;\nstroke:#007456;\n}\n<\/style>\n<article  class='iconbox iconbox_left av-jnbmha5l-ce3b7934183c07581e9c6d55967cdbe0  avia-builder-el-14  el_after_av_icon_box  el_before_av_icon_box '  itemscope=\"itemscope\" itemtype=\"https:\/\/schema.org\/CreativeWork\" ><div class=\"iconbox_content\"><header class=\"entry-content-header\" aria-label=\"Ic\u00f4ne : Fiche technique 1458\/1478\/1479\"><div class='iconbox_icon heading-color avia-iconfont avia-font-entypo-fontello' data-av_icon='\ue82d' data-av_iconfont='entypo-fontello' title=\"Fiche technique 1458\/1478\/1479\" desc=\"Fiche technique 1458\/1478\/1479\" ><\/div><h3 class='iconbox_content_title '  itemprop=\"headline\" ><a href='https:\/\/hse-armaturen.de\/wp-content\/uploads\/145814781479.pdf' title='Fiche technique 1458\/1478\/1479'  >Fiche technique 1458\/1478\/1479<\/a><\/h3><\/header><div class='iconbox_content_container '  itemprop=\"text\" ><\/div><\/div><footer class=\"entry-footer\"><\/footer><\/article><br \/>\n\n<style type=\"text\/css\" data-created_by=\"avia_inline_auto\" id=\"style-css-av-jnbmha5l-c90219722fbd928e231f7c35dd309de9\">\n.iconbox.av-jnbmha5l-c90219722fbd928e231f7c35dd309de9 .iconbox_icon{\ncolor:#007456;\n}\n.iconbox.av-jnbmha5l-c90219722fbd928e231f7c35dd309de9 .iconbox_icon.avia-svg-icon svg:first-child{\nfill:#007456;\nstroke:#007456;\n}\n<\/style>\n<article  class='iconbox iconbox_left av-jnbmha5l-c90219722fbd928e231f7c35dd309de9  avia-builder-el-15  el_after_av_icon_box  el_before_av_icon_box '  itemscope=\"itemscope\" itemtype=\"https:\/\/schema.org\/CreativeWork\" ><div class=\"iconbox_content\"><header class=\"entry-content-header\" aria-label=\"Ic\u00f4ne : Fiche technique 1461\"><div class='iconbox_icon heading-color avia-iconfont avia-font-entypo-fontello' data-av_icon='\ue82d' data-av_iconfont='entypo-fontello' title=\"Fiche technique 1461\" desc=\"Fiche technique 1461\" ><\/div><h3 class='iconbox_content_title '  itemprop=\"headline\" ><a href='https:\/\/hse-armaturen.de\/wp-content\/uploads\/1461.pdf' title='Fiche technique 1461'  >Fiche technique 1461<\/a><\/h3><\/header><div class='iconbox_content_container '  itemprop=\"text\" ><\/div><\/div><footer class=\"entry-footer\"><\/footer><\/article><br \/>\n\n<style type=\"text\/css\" data-created_by=\"avia_inline_auto\" id=\"style-css-av-jnbmha5l-b0879eed3e06eec1c0835950d928a046\">\n.iconbox.av-jnbmha5l-b0879eed3e06eec1c0835950d928a046 .iconbox_icon{\ncolor:#007456;\n}\n.iconbox.av-jnbmha5l-b0879eed3e06eec1c0835950d928a046 .iconbox_icon.avia-svg-icon svg:first-child{\nfill:#007456;\nstroke:#007456;\n}\n<\/style>\n<article  class='iconbox iconbox_left av-jnbmha5l-b0879eed3e06eec1c0835950d928a046  avia-builder-el-16  el_after_av_icon_box  avia-builder-el-last '  itemscope=\"itemscope\" itemtype=\"https:\/\/schema.org\/CreativeWork\" ><div class=\"iconbox_content\"><header class=\"entry-content-header\" aria-label=\"Ic\u00f4ne : Fiche technique 1486\"><div class='iconbox_icon heading-color avia-iconfont avia-font-entypo-fontello' data-av_icon='\ue82d' data-av_iconfont='entypo-fontello' title=\"Fiche technique 1486\" desc=\"Fiche technique 1486\" ><\/div><h3 class='iconbox_content_title '  itemprop=\"headline\" ><a href='https:\/\/hse-armaturen.de\/wp-content\/uploads\/1486.pdf' title='Fiche technique 1486'  >Fiche technique 1486<\/a><\/h3><\/header><div class='iconbox_content_container '  itemprop=\"text\" ><\/div><\/div><footer class=\"entry-footer\"><\/footer><\/article><\/p><\/div>\n\n<style type=\"text\/css\" data-created_by=\"avia_inline_auto\" id=\"style-css-av-onw7x-862f27db8a3f48b1d74ebad8e9a4332b\">\n.flex_column.av-onw7x-862f27db8a3f48b1d74ebad8e9a4332b{\nborder-radius:0px 0px 0px 0px;\npadding:0px 0px 0px 0px;\n}\n<\/style>\n<div  class='flex_column av-onw7x-862f27db8a3f48b1d74ebad8e9a4332b av_one_third  avia-builder-el-17  el_after_av_two_third  avia-builder-el-last  flex_column_div av-zero-column-padding  '     ><\/div>\n","protected":false},"excerpt":{"rendered":"","protected":false},"author":2,"featured_media":0,"parent":0,"menu_order":0,"comment_status":"closed","ping_status":"closed","template":"","meta":{"footnotes":""},"class_list":["post-1232","page","type-page","status-publish","hentry"],"_links":{"self":[{"href":"https:\/\/hse-armaturen.de\/fr\/wp-json\/wp\/v2\/pages\/1232","targetHints":{"allow":["GET"]}}],"collection":[{"href":"https:\/\/hse-armaturen.de\/fr\/wp-json\/wp\/v2\/pages"}],"about":[{"href":"https:\/\/hse-armaturen.de\/fr\/wp-json\/wp\/v2\/types\/page"}],"author":[{"embeddable":true,"href":"https:\/\/hse-armaturen.de\/fr\/wp-json\/wp\/v2\/users\/2"}],"replies":[{"embeddable":true,"href":"https:\/\/hse-armaturen.de\/fr\/wp-json\/wp\/v2\/comments?post=1232"}],"version-history":[{"count":0,"href":"https:\/\/hse-armaturen.de\/fr\/wp-json\/wp\/v2\/pages\/1232\/revisions"}],"wp:attachment":[{"href":"https:\/\/hse-armaturen.de\/fr\/wp-json\/wp\/v2\/media?parent=1232"}],"curies":[{"name":"wp","href":"https:\/\/api.w.org\/{rel}","templated":true}]}}