{"id":1955,"date":"2026-04-21T20:05:22","date_gmt":"2026-04-21T18:05:22","guid":{"rendered":"https:\/\/hse-armaturen.de\/actualites\/"},"modified":"2026-04-21T20:05:25","modified_gmt":"2026-04-21T18:05:25","slug":"actualites","status":"publish","type":"page","link":"https:\/\/hse-armaturen.de\/fr\/actualites\/","title":{"rendered":"Actualit\u00e9s"},"content":{"rendered":"<div id='av_section_1'  class='avia-section av-1-ab6f671d1d4bf5eb55edba0d91d6db91 main_color avia-section-default avia-no-border-styling  avia-builder-el-0  avia-builder-el-no-sibling  avia-bg-style-scroll container_wrap fullsize'  ><div class='container av-section-cont-open' ><main  role=\"main\" itemprop=\"mainContentOfPage\"  class='template-page content  av-content-full alpha units'><div class='post-entry post-entry-type-page post-entry-1955'><div class='entry-content-wrapper clearfix'>\n\n<style type=\"text\/css\" data-created_by=\"avia_inline_auto\" id=\"style-css-av-2-f749b4811fda1ae00e52d4dd009e9f75\">\n#top .av-special-heading.av-2-f749b4811fda1ae00e52d4dd009e9f75{\npadding-bottom:10px;\n}\nbody .av-special-heading.av-2-f749b4811fda1ae00e52d4dd009e9f75 .av-special-heading-tag .heading-char{\nfont-size:25px;\n}\n.av-special-heading.av-2-f749b4811fda1ae00e52d4dd009e9f75 .av-subheading{\nfont-size:15px;\n}\n<\/style>\n<div  class='av-special-heading av-2-f749b4811fda1ae00e52d4dd009e9f75 av-special-heading-h1 blockquote modern-quote  avia-builder-el-1  el_before_av_hr  avia-builder-el-first '><h1 class='av-special-heading-tag '  itemprop=\"headline\"  >Actualit\u00e9s<\/h1><div class=\"special-heading-border\"><div class=\"special-heading-inner-border\"><\/div><\/div><\/div>\n\n<style type=\"text\/css\" data-created_by=\"avia_inline_auto\" id=\"style-css-av-mo8xlxei-4338a645f0cb6bba422516f4456ef664\">\n#top .hr.hr-invisible.av-mo8xlxei-4338a645f0cb6bba422516f4456ef664{\nheight:100px;\n}\n<\/style>\n<div  class='hr av-mo8xlxei-4338a645f0cb6bba422516f4456ef664 hr-invisible  avia-builder-el-2  el_after_av_heading  el_before_av_blog '><span class='hr-inner '><span class=\"hr-inner-style\"><\/span><\/span><\/div>\n<div  data-slideshow-options=\"{&quot;animation&quot;:&quot;fade&quot;,&quot;autoplay&quot;:false,&quot;loop_autoplay&quot;:&quot;once&quot;,&quot;interval&quot;:5,&quot;loop_manual&quot;:&quot;manual-endless&quot;,&quot;autoplay_stopper&quot;:false,&quot;noNavigation&quot;:false,&quot;show_slide_delay&quot;:90}\" class='avia-content-slider avia-content-grid-active avia-content-slider1 avia-content-slider-odd  avia-builder-el-3  el_after_av_hr  avia-builder-el-last  av-slideshow-ui av-control-default   av-no-slider-navigation av-slideshow-manual av-loop-once av-loop-manual-endless '  itemscope=\"itemscope\" itemtype=\"https:\/\/schema.org\/Blog\" ><div class=\"avia-content-slider-inner\"><div class=\"slide-entry-wrap\"><article class='slide-entry flex_column  post-entry post-entry-1946 slide-entry-overview slide-loop-1 slide-parity-odd  av_one_third first real-thumbnail posttype-post post-format-standard'  itemscope=\"itemscope\" itemtype=\"https:\/\/schema.org\/CreativeWork\" ><a href='https:\/\/hse-armaturen.de\/fr\/robinets-en-laiton-sans-plomb-dans-les-installations-deau-potable-ce-qui-va-changer\/' data-rel='slide-1' class='slide-image' title='Robinets en laiton sans plomb dans les installations d&#8217;eau potable : ce qui va changer'><img decoding=\"async\" loading=\"lazy\" width=\"412\" height=\"400\" src=\"https:\/\/hse-armaturen.de\/wp-content\/uploads\/2024\/08\/3-R-NEU-mit-Edelstahl-Spindel-Sach-412x400.png\" class=\"wp-image-1836 avia-img-lazy-loading-1836 attachment-portfolio size-portfolio wp-post-image\" alt=\"\" srcset=\"https:\/\/hse-armaturen.de\/wp-content\/uploads\/2024\/08\/3-R-NEU-mit-Edelstahl-Spindel-Sach-412x400.png 412w, https:\/\/hse-armaturen.de\/wp-content\/uploads\/2024\/08\/3-R-NEU-mit-Edelstahl-Spindel-Sach-36x36.png 36w\" sizes=\"auto, (max-width: 412px) 100vw, 412px\" \/><\/a><div class=\"slide-content\"><header class=\"entry-content-header\" aria-label=\"Slide: Robinets en laiton sans plomb dans les installations d&#039;eau potable : ce qui va changer\"><h3 class='slide-entry-title entry-title '  itemprop=\"headline\" ><a href='https:\/\/hse-armaturen.de\/fr\/robinets-en-laiton-sans-plomb-dans-les-installations-deau-potable-ce-qui-va-changer\/' title='Robinets en laiton sans plomb dans les installations d&#8217;eau potable : ce qui va changer'>Robinets en laiton sans plomb dans les installations d&#8217;eau potable : ce qui va changer<\/a><\/h3><span class=\"blog-categories minor-meta\"><a href=\"https:\/\/hse-armaturen.de\/fr\/kategorie\/actualites\/\" rel=\"tag\">Actualit\u00e9s<\/a> <\/span><span class=\"av-vertical-delimiter\"><\/span><\/header><\/div><footer class=\"entry-footer\"><\/footer><span class='hidden'>\n\t\t\t\t<span class='av-structured-data'  itemprop=\"image\" itemscope=\"itemscope\" itemtype=\"https:\/\/schema.org\/ImageObject\" >\n\t\t\t\t\t\t<span itemprop='url'>https:\/\/hse-armaturen.de\/wp-content\/uploads\/2024\/08\/3-R-NEU-mit-Edelstahl-Spindel-Sach.png<\/span>\n\t\t\t\t\t\t<span itemprop='height'>511<\/span>\n\t\t\t\t\t\t<span itemprop='width'>412<\/span>\n\t\t\t\t<\/span>\n\t\t\t\t<span class='av-structured-data'  itemprop=\"publisher\" itemtype=\"https:\/\/schema.org\/Organization\" itemscope=\"itemscope\" >\n\t\t\t\t\t\t<span itemprop='name'>Contunda<\/span>\n\t\t\t\t\t\t<span itemprop='logo' itemscope itemtype='https:\/\/schema.org\/ImageObject'>\n\t\t\t\t\t\t\t<span itemprop='url'>https:\/\/hse-armaturen.de\/wp-content\/uploads\/2020\/06\/logo_HSE_800x600.jpg<\/span>\n\t\t\t\t\t\t<\/span>\n\t\t\t\t<\/span><span class='av-structured-data'  itemprop=\"author\" itemscope=\"itemscope\" itemtype=\"https:\/\/schema.org\/Person\" ><span itemprop='name'>Contunda<\/span><\/span><span class='av-structured-data'  itemprop=\"datePublished\" datetime=\"2026-04-21T20:05:22+02:00\" >2026-04-21 19:56:57<\/span><span class='av-structured-data'  itemprop=\"dateModified\" itemtype=\"https:\/\/schema.org\/dateModified\" >2026-04-21 19:57:02<\/span><span class='av-structured-data'  itemprop=\"mainEntityOfPage\" itemtype=\"https:\/\/schema.org\/mainEntityOfPage\" ><span itemprop='name'>Robinets en laiton sans plomb dans les installations d&#8217;eau potable : ce qui va changer<\/span><\/span><\/span><\/article><article class='slide-entry flex_column  post-entry post-entry-1947 slide-entry-overview slide-loop-2 slide-parity-even  av_one_third  real-thumbnail posttype-post post-format-standard'  itemscope=\"itemscope\" itemtype=\"https:\/\/schema.org\/CreativeWork\" ><a href='https:\/\/hse-armaturen.de\/fr\/vanne-a-bille-ou-vanne-quel-robinet-choisir-a-quel-moment\/' data-rel='slide-1' class='slide-image' title='Vanne \u00e0 bille ou vanne : quel robinet choisir \u00e0 quel moment ?'><img decoding=\"async\" loading=\"lazy\" width=\"412\" height=\"400\" src=\"https:\/\/hse-armaturen.de\/wp-content\/uploads\/2024\/08\/2-R-Kompakt-Freisteller-412x400.png\" class=\"wp-image-1833 avia-img-lazy-loading-1833 attachment-portfolio size-portfolio wp-post-image\" alt=\"\" srcset=\"https:\/\/hse-armaturen.de\/wp-content\/uploads\/2024\/08\/2-R-Kompakt-Freisteller-412x400.png 412w, https:\/\/hse-armaturen.de\/wp-content\/uploads\/2024\/08\/2-R-Kompakt-Freisteller-36x36.png 36w\" sizes=\"auto, (max-width: 412px) 100vw, 412px\" \/><\/a><div class=\"slide-content\"><header class=\"entry-content-header\" aria-label=\"Slide: Vanne \u00e0 bille ou vanne : quel robinet choisir \u00e0 quel moment ?\"><h3 class='slide-entry-title entry-title '  itemprop=\"headline\" ><a href='https:\/\/hse-armaturen.de\/fr\/vanne-a-bille-ou-vanne-quel-robinet-choisir-a-quel-moment\/' title='Vanne \u00e0 bille ou vanne : quel robinet choisir \u00e0 quel moment ?'>Vanne \u00e0 bille ou vanne : quel robinet choisir \u00e0 quel moment ?<\/a><\/h3><span class=\"blog-categories minor-meta\"><a href=\"https:\/\/hse-armaturen.de\/fr\/kategorie\/actualites\/\" rel=\"tag\">Actualit\u00e9s<\/a> <\/span><span class=\"av-vertical-delimiter\"><\/span><\/header><\/div><footer class=\"entry-footer\"><\/footer><span class='hidden'>\n\t\t\t\t<span class='av-structured-data'  itemprop=\"image\" itemscope=\"itemscope\" itemtype=\"https:\/\/schema.org\/ImageObject\" >\n\t\t\t\t\t\t<span itemprop='url'>https:\/\/hse-armaturen.de\/wp-content\/uploads\/2024\/08\/2-R-Kompakt-Freisteller.png<\/span>\n\t\t\t\t\t\t<span itemprop='height'>509<\/span>\n\t\t\t\t\t\t<span itemprop='width'>412<\/span>\n\t\t\t\t<\/span>\n\t\t\t\t<span class='av-structured-data'  itemprop=\"publisher\" itemtype=\"https:\/\/schema.org\/Organization\" itemscope=\"itemscope\" >\n\t\t\t\t\t\t<span itemprop='name'>Contunda<\/span>\n\t\t\t\t\t\t<span itemprop='logo' itemscope itemtype='https:\/\/schema.org\/ImageObject'>\n\t\t\t\t\t\t\t<span itemprop='url'>https:\/\/hse-armaturen.de\/wp-content\/uploads\/2020\/06\/logo_HSE_800x600.jpg<\/span>\n\t\t\t\t\t\t<\/span>\n\t\t\t\t<\/span><span class='av-structured-data'  itemprop=\"author\" itemscope=\"itemscope\" itemtype=\"https:\/\/schema.org\/Person\" ><span itemprop='name'>Contunda<\/span><\/span><span class='av-structured-data'  itemprop=\"datePublished\" datetime=\"2026-04-21T20:05:22+02:00\" >2026-04-21 19:56:57<\/span><span class='av-structured-data'  itemprop=\"dateModified\" itemtype=\"https:\/\/schema.org\/dateModified\" >2026-04-21 19:57:05<\/span><span class='av-structured-data'  itemprop=\"mainEntityOfPage\" itemtype=\"https:\/\/schema.org\/mainEntityOfPage\" ><span itemprop='name'>Vanne \u00e0 bille ou vanne : quel robinet choisir \u00e0 quel moment ?<\/span><\/span><\/span><\/article><article class='slide-entry flex_column  post-entry post-entry-1942 slide-entry-overview slide-loop-3 slide-parity-odd  av_one_third  real-thumbnail posttype-post post-format-standard'  itemscope=\"itemscope\" itemtype=\"https:\/\/schema.org\/CreativeWork\" ><a href='https:\/\/hse-armaturen.de\/fr\/robinets-en-laiton-pour-leau-le-gaz-et-lindustrie-les-principales-differences\/' data-rel='slide-1' class='slide-image' title='Robinets en laiton pour l&#8217;eau, le gaz et l&#8217;industrie : les principales diff\u00e9rences'><img decoding=\"async\" loading=\"lazy\" width=\"480\" height=\"400\" src=\"https:\/\/hse-armaturen.de\/wp-content\/uploads\/2024\/01\/agrieger_275-480x400.jpg\" class=\"wp-image-1671 avia-img-lazy-loading-1671 attachment-portfolio size-portfolio wp-post-image\" alt=\"\" \/><\/a><div class=\"slide-content\"><header class=\"entry-content-header\" aria-label=\"Slide: Robinets en laiton pour l&#039;eau, le gaz et l&#039;industrie : les principales diff\u00e9rences\"><h3 class='slide-entry-title entry-title '  itemprop=\"headline\" ><a href='https:\/\/hse-armaturen.de\/fr\/robinets-en-laiton-pour-leau-le-gaz-et-lindustrie-les-principales-differences\/' title='Robinets en laiton pour l&#8217;eau, le gaz et l&#8217;industrie : les principales diff\u00e9rences'>Robinets en laiton pour l&#8217;eau, le gaz et l&#8217;industrie : les principales diff\u00e9rences<\/a><\/h3><span class=\"blog-categories minor-meta\"><a href=\"https:\/\/hse-armaturen.de\/fr\/kategorie\/actualites\/\" rel=\"tag\">Actualit\u00e9s<\/a> <\/span><span class=\"av-vertical-delimiter\"><\/span><\/header><\/div><footer class=\"entry-footer\"><\/footer><span class='hidden'>\n\t\t\t\t<span class='av-structured-data'  itemprop=\"image\" itemscope=\"itemscope\" itemtype=\"https:\/\/schema.org\/ImageObject\" >\n\t\t\t\t\t\t<span itemprop='url'>https:\/\/hse-armaturen.de\/wp-content\/uploads\/2024\/01\/agrieger_275.jpg<\/span>\n\t\t\t\t\t\t<span itemprop='height'>520<\/span>\n\t\t\t\t\t\t<span itemprop='width'>480<\/span>\n\t\t\t\t<\/span>\n\t\t\t\t<span class='av-structured-data'  itemprop=\"publisher\" itemtype=\"https:\/\/schema.org\/Organization\" itemscope=\"itemscope\" >\n\t\t\t\t\t\t<span itemprop='name'>Contunda<\/span>\n\t\t\t\t\t\t<span itemprop='logo' itemscope itemtype='https:\/\/schema.org\/ImageObject'>\n\t\t\t\t\t\t\t<span itemprop='url'>https:\/\/hse-armaturen.de\/wp-content\/uploads\/2020\/06\/logo_HSE_800x600.jpg<\/span>\n\t\t\t\t\t\t<\/span>\n\t\t\t\t<\/span><span class='av-structured-data'  itemprop=\"author\" itemscope=\"itemscope\" itemtype=\"https:\/\/schema.org\/Person\" ><span itemprop='name'>Contunda<\/span><\/span><span class='av-structured-data'  itemprop=\"datePublished\" datetime=\"2026-04-21T20:05:22+02:00\" >2026-04-21 19:56:51<\/span><span class='av-structured-data'  itemprop=\"dateModified\" itemtype=\"https:\/\/schema.org\/dateModified\" >2026-04-21 19:56:52<\/span><span class='av-structured-data'  itemprop=\"mainEntityOfPage\" itemtype=\"https:\/\/schema.org\/mainEntityOfPage\" ><span itemprop='name'>Robinets en laiton pour l&#8217;eau, le gaz et l&#8217;industrie : les principales diff\u00e9rences<\/span><\/span><\/span><\/article><\/div><div class=\"slide-entry-wrap\"><article class='slide-entry flex_column  post-entry post-entry-1940 slide-entry-overview slide-loop-4 slide-parity-odd  av_one_third first real-thumbnail posttype-post post-format-standard'  itemscope=\"itemscope\" itemtype=\"https:\/\/schema.org\/CreativeWork\" ><a href='https:\/\/hse-armaturen.de\/fr\/quelle-robinetterie-est-adaptee-au-gaz-orientation-pour-la-pratique\/' data-rel='slide-1' class='slide-image' title='Quelle robinetterie est adapt\u00e9e au gaz ? Orientation pour la pratique'><img decoding=\"async\" loading=\"lazy\" width=\"400\" height=\"368\" src=\"https:\/\/hse-armaturen.de\/wp-content\/uploads\/2022\/01\/flame-580342-HTB01.png\" class=\"wp-image-1497 avia-img-lazy-loading-1497 attachment-portfolio size-portfolio wp-post-image\" alt=\"\" \/><\/a><div class=\"slide-content\"><header class=\"entry-content-header\" aria-label=\"Slide: Quelle robinetterie est adapt\u00e9e au gaz ? Orientation pour la pratique\"><h3 class='slide-entry-title entry-title '  itemprop=\"headline\" ><a href='https:\/\/hse-armaturen.de\/fr\/quelle-robinetterie-est-adaptee-au-gaz-orientation-pour-la-pratique\/' title='Quelle robinetterie est adapt\u00e9e au gaz ? Orientation pour la pratique'>Quelle robinetterie est adapt\u00e9e au gaz ? Orientation pour la pratique<\/a><\/h3><span class=\"blog-categories minor-meta\"><a href=\"https:\/\/hse-armaturen.de\/fr\/kategorie\/actualites\/\" rel=\"tag\">Actualit\u00e9s<\/a> <\/span><span class=\"av-vertical-delimiter\"><\/span><\/header><\/div><footer class=\"entry-footer\"><\/footer><span class='hidden'>\n\t\t\t\t<span class='av-structured-data'  itemprop=\"image\" itemscope=\"itemscope\" itemtype=\"https:\/\/schema.org\/ImageObject\" >\n\t\t\t\t\t\t<span itemprop='url'>https:\/\/hse-armaturen.de\/wp-content\/uploads\/2022\/01\/flame-580342-HTB01.png<\/span>\n\t\t\t\t\t\t<span itemprop='height'>368<\/span>\n\t\t\t\t\t\t<span itemprop='width'>400<\/span>\n\t\t\t\t<\/span>\n\t\t\t\t<span class='av-structured-data'  itemprop=\"publisher\" itemtype=\"https:\/\/schema.org\/Organization\" itemscope=\"itemscope\" >\n\t\t\t\t\t\t<span itemprop='name'>Contunda<\/span>\n\t\t\t\t\t\t<span itemprop='logo' itemscope itemtype='https:\/\/schema.org\/ImageObject'>\n\t\t\t\t\t\t\t<span itemprop='url'>https:\/\/hse-armaturen.de\/wp-content\/uploads\/2020\/06\/logo_HSE_800x600.jpg<\/span>\n\t\t\t\t\t\t<\/span>\n\t\t\t\t<\/span><span class='av-structured-data'  itemprop=\"author\" itemscope=\"itemscope\" itemtype=\"https:\/\/schema.org\/Person\" ><span itemprop='name'>Contunda<\/span><\/span><span class='av-structured-data'  itemprop=\"datePublished\" datetime=\"2026-04-21T20:05:22+02:00\" >2026-04-21 19:56:48<\/span><span class='av-structured-data'  itemprop=\"dateModified\" itemtype=\"https:\/\/schema.org\/dateModified\" >2026-04-21 19:56:48<\/span><span class='av-structured-data'  itemprop=\"mainEntityOfPage\" itemtype=\"https:\/\/schema.org\/mainEntityOfPage\" ><span itemprop='name'>Quelle robinetterie est adapt\u00e9e au gaz ? Orientation pour la pratique<\/span><\/span><\/span><\/article><article class='slide-entry flex_column  post-entry post-entry-1937 slide-entry-overview slide-loop-5 slide-parity-even  av_one_third  real-thumbnail posttype-post post-format-standard'  itemscope=\"itemscope\" itemtype=\"https:\/\/schema.org\/CreativeWork\" ><a href='https:\/\/hse-armaturen.de\/fr\/robinets-a-boisseau-spherique-pour-eau-potable-apercu-de-la-poignee-du-raccordement-et-de-lutilisation\/' data-rel='slide-1' class='slide-image' title='Robinets \u00e0 boisseau sph\u00e9rique pour eau potable : aper\u00e7u de la poign\u00e9e, du raccordement et de l&#8217;utilisation'><img decoding=\"async\" loading=\"lazy\" width=\"495\" height=\"350\" src=\"https:\/\/hse-armaturen.de\/wp-content\/uploads\/2024\/11\/Vorteile-moderner-Trinkwasser-Kugelhaehne-495x350.jpg\" class=\"wp-image-1731 avia-img-lazy-loading-1731 attachment-portfolio size-portfolio wp-post-image\" alt=\"\" srcset=\"https:\/\/hse-armaturen.de\/wp-content\/uploads\/2024\/11\/Vorteile-moderner-Trinkwasser-Kugelhaehne-495x350.jpg 495w, https:\/\/hse-armaturen.de\/wp-content\/uploads\/2024\/11\/Vorteile-moderner-Trinkwasser-Kugelhaehne-260x185.jpg 260w\" sizes=\"auto, (max-width: 495px) 100vw, 495px\" \/><\/a><div class=\"slide-content\"><header class=\"entry-content-header\" aria-label=\"Slide: Robinets \u00e0 boisseau sph\u00e9rique pour eau potable : aper\u00e7u de la poign\u00e9e, du raccordement et de l&#039;utilisation\"><h3 class='slide-entry-title entry-title '  itemprop=\"headline\" ><a href='https:\/\/hse-armaturen.de\/fr\/robinets-a-boisseau-spherique-pour-eau-potable-apercu-de-la-poignee-du-raccordement-et-de-lutilisation\/' title='Robinets \u00e0 boisseau sph\u00e9rique pour eau potable : aper\u00e7u de la poign\u00e9e, du raccordement et de l&#8217;utilisation'>Robinets \u00e0 boisseau sph\u00e9rique pour eau potable : aper\u00e7u de la poign\u00e9e, du raccordement et de l&#8217;utilisation<\/a><\/h3><span class=\"blog-categories minor-meta\"><a href=\"https:\/\/hse-armaturen.de\/fr\/kategorie\/actualites\/\" rel=\"tag\">Actualit\u00e9s<\/a> <\/span><span class=\"av-vertical-delimiter\"><\/span><\/header><\/div><footer class=\"entry-footer\"><\/footer><span class='hidden'>\n\t\t\t\t<span class='av-structured-data'  itemprop=\"image\" itemscope=\"itemscope\" itemtype=\"https:\/\/schema.org\/ImageObject\" >\n\t\t\t\t\t\t<span itemprop='url'>https:\/\/hse-armaturen.de\/wp-content\/uploads\/2024\/11\/Vorteile-moderner-Trinkwasser-Kugelhaehne.jpg<\/span>\n\t\t\t\t\t\t<span itemprop='height'>350<\/span>\n\t\t\t\t\t\t<span itemprop='width'>500<\/span>\n\t\t\t\t<\/span>\n\t\t\t\t<span class='av-structured-data'  itemprop=\"publisher\" itemtype=\"https:\/\/schema.org\/Organization\" itemscope=\"itemscope\" >\n\t\t\t\t\t\t<span itemprop='name'>Contunda<\/span>\n\t\t\t\t\t\t<span itemprop='logo' itemscope itemtype='https:\/\/schema.org\/ImageObject'>\n\t\t\t\t\t\t\t<span itemprop='url'>https:\/\/hse-armaturen.de\/wp-content\/uploads\/2020\/06\/logo_HSE_800x600.jpg<\/span>\n\t\t\t\t\t\t<\/span>\n\t\t\t\t<\/span><span class='av-structured-data'  itemprop=\"author\" itemscope=\"itemscope\" itemtype=\"https:\/\/schema.org\/Person\" ><span itemprop='name'>Contunda<\/span><\/span><span class='av-structured-data'  itemprop=\"datePublished\" datetime=\"2026-04-21T20:05:22+02:00\" >2026-04-21 19:56:43<\/span><span class='av-structured-data'  itemprop=\"dateModified\" itemtype=\"https:\/\/schema.org\/dateModified\" >2026-04-21 19:56:43<\/span><span class='av-structured-data'  itemprop=\"mainEntityOfPage\" itemtype=\"https:\/\/schema.org\/mainEntityOfPage\" ><span itemprop='name'>Robinets \u00e0 boisseau sph\u00e9rique pour eau potable : aper\u00e7u de la poign\u00e9e, du raccordement et de l&#8217;utilisation<\/span><\/span><\/span><\/article><article class='slide-entry flex_column  post-entry post-entry-1934 slide-entry-overview slide-loop-6 slide-parity-odd  post-entry-last  av_one_third  real-thumbnail posttype-post post-format-standard'  itemscope=\"itemscope\" itemtype=\"https:\/\/schema.org\/CreativeWork\" ><a href='https:\/\/hse-armaturen.de\/fr\/vannes-darret-dans-les-installations-de-chauffage-a-quoi-faut-il-faire-attention-lors-du-choix\/' data-rel='slide-1' class='slide-image' title='Vannes d&#8217;arr\u00eat dans les installations de chauffage : \u00e0 quoi faut-il faire attention lors du choix ?'><img decoding=\"async\" loading=\"lazy\" width=\"495\" height=\"350\" src=\"https:\/\/hse-armaturen.de\/wp-content\/uploads\/2024\/12\/Trinkwasserqualitaet-sicherstellen-495x350.jpg\" class=\"wp-image-1728 avia-img-lazy-loading-1728 attachment-portfolio size-portfolio wp-post-image\" alt=\"\" srcset=\"https:\/\/hse-armaturen.de\/wp-content\/uploads\/2024\/12\/Trinkwasserqualitaet-sicherstellen-495x350.jpg 495w, https:\/\/hse-armaturen.de\/wp-content\/uploads\/2024\/12\/Trinkwasserqualitaet-sicherstellen-260x185.jpg 260w\" sizes=\"auto, (max-width: 495px) 100vw, 495px\" \/><\/a><div class=\"slide-content\"><header class=\"entry-content-header\" aria-label=\"Slide: Vannes d&#039;arr\u00eat dans les installations de chauffage : \u00e0 quoi faut-il faire attention lors du choix ?\"><h3 class='slide-entry-title entry-title '  itemprop=\"headline\" ><a href='https:\/\/hse-armaturen.de\/fr\/vannes-darret-dans-les-installations-de-chauffage-a-quoi-faut-il-faire-attention-lors-du-choix\/' title='Vannes d&#8217;arr\u00eat dans les installations de chauffage : \u00e0 quoi faut-il faire attention lors du choix ?'>Vannes d&#8217;arr\u00eat dans les installations de chauffage : \u00e0 quoi faut-il faire attention lors du choix ?<\/a><\/h3><span class=\"blog-categories minor-meta\"><a href=\"https:\/\/hse-armaturen.de\/fr\/kategorie\/actualites\/\" rel=\"tag\">Actualit\u00e9s<\/a> <\/span><span class=\"av-vertical-delimiter\"><\/span><\/header><\/div><footer class=\"entry-footer\"><\/footer><span class='hidden'>\n\t\t\t\t<span class='av-structured-data'  itemprop=\"image\" itemscope=\"itemscope\" itemtype=\"https:\/\/schema.org\/ImageObject\" >\n\t\t\t\t\t\t<span itemprop='url'>https:\/\/hse-armaturen.de\/wp-content\/uploads\/2024\/12\/Trinkwasserqualitaet-sicherstellen.jpg<\/span>\n\t\t\t\t\t\t<span itemprop='height'>350<\/span>\n\t\t\t\t\t\t<span itemprop='width'>500<\/span>\n\t\t\t\t<\/span>\n\t\t\t\t<span class='av-structured-data'  itemprop=\"publisher\" itemtype=\"https:\/\/schema.org\/Organization\" itemscope=\"itemscope\" >\n\t\t\t\t\t\t<span itemprop='name'>Contunda<\/span>\n\t\t\t\t\t\t<span itemprop='logo' itemscope itemtype='https:\/\/schema.org\/ImageObject'>\n\t\t\t\t\t\t\t<span itemprop='url'>https:\/\/hse-armaturen.de\/wp-content\/uploads\/2020\/06\/logo_HSE_800x600.jpg<\/span>\n\t\t\t\t\t\t<\/span>\n\t\t\t\t<\/span><span class='av-structured-data'  itemprop=\"author\" itemscope=\"itemscope\" itemtype=\"https:\/\/schema.org\/Person\" ><span itemprop='name'>Contunda<\/span><\/span><span class='av-structured-data'  itemprop=\"datePublished\" datetime=\"2026-04-21T20:05:22+02:00\" >2026-04-21 19:56:39<\/span><span class='av-structured-data'  itemprop=\"dateModified\" itemtype=\"https:\/\/schema.org\/dateModified\" >2026-04-21 19:56:39<\/span><span class='av-structured-data'  itemprop=\"mainEntityOfPage\" itemtype=\"https:\/\/schema.org\/mainEntityOfPage\" ><span itemprop='name'>Vannes d&#8217;arr\u00eat dans les installations de chauffage : \u00e0 quoi faut-il faire attention lors du choix ?<\/span><\/span><\/span><\/article><\/div><\/div><\/div>\n\n","protected":false},"excerpt":{"rendered":"","protected":false},"author":2,"featured_media":0,"parent":0,"menu_order":1,"comment_status":"closed","ping_status":"closed","template":"","meta":{"footnotes":""},"class_list":["post-1955","page","type-page","status-publish","hentry"],"_links":{"self":[{"href":"https:\/\/hse-armaturen.de\/fr\/wp-json\/wp\/v2\/pages\/1955","targetHints":{"allow":["GET"]}}],"collection":[{"href":"https:\/\/hse-armaturen.de\/fr\/wp-json\/wp\/v2\/pages"}],"about":[{"href":"https:\/\/hse-armaturen.de\/fr\/wp-json\/wp\/v2\/types\/page"}],"author":[{"embeddable":true,"href":"https:\/\/hse-armaturen.de\/fr\/wp-json\/wp\/v2\/users\/2"}],"replies":[{"embeddable":true,"href":"https:\/\/hse-armaturen.de\/fr\/wp-json\/wp\/v2\/comments?post=1955"}],"version-history":[{"count":5,"href":"https:\/\/hse-armaturen.de\/fr\/wp-json\/wp\/v2\/pages\/1955\/revisions"}],"predecessor-version":[{"id":1960,"href":"https:\/\/hse-armaturen.de\/fr\/wp-json\/wp\/v2\/pages\/1955\/revisions\/1960"}],"wp:attachment":[{"href":"https:\/\/hse-armaturen.de\/fr\/wp-json\/wp\/v2\/media?parent=1955"}],"curies":[{"name":"wp","href":"https:\/\/api.w.org\/{rel}","templated":true}]}}